{"id":141,"date":"2025-10-13T10:46:25","date_gmt":"2025-10-13T10:46:25","guid":{"rendered":"https:\/\/www.playkasino.com\/?page_id=141"},"modified":"2025-10-30T14:30:19","modified_gmt":"2025-10-30T14:30:19","slug":"daglige-valg","status":"publish","type":"page","link":"https:\/\/www.playkasino.com\/da-dk\/daglige-valg\/","title":{"rendered":"Daglige valg \u2013 et nyt tilbud hver dag"},"content":{"rendered":"\n<p>Hvem elsker ikke tilbud? Is\u00e6r n\u00e5r de tilf\u00f8jer ekstra fordele til dine yndlingscasinospil! PlayKasino tilbyder en helt ny, konstant skiftende liste over daglige valg og tilbud hver dag, skr\u00e6ddersyet til dig! &nbsp;<\/p>\n\n\n\n<h2 class=\"wp-block-heading\">Hvad er daglige valg?<\/h2>\n\n\n\n<p>Disse er tilpassede kampagner, tilbud, bel\u00f8nninger og begivenheder, der tilbydes spillere p\u00e5 den p\u00e5g\u00e6ldende dag. De \u00e6ndrer sig hver dag i ugen.&nbsp;<\/p>\n\n\n\n<p>Hvis du er forvirret over, hvor du skal starte, kan du gennemg\u00e5 dette afsnit og starte med dit valgte dagens tilbud.&nbsp;<\/p>\n\n\n\n<h2 class=\"wp-block-heading\">Daglige valg hos PlayKasino<\/h2>\n\n\n\n<p>PlayKasino forst\u00e5r, at deres spillere har forskellige interesser og spilbehov. For at tilfredsstille alle spilleres pr\u00e6ferencer og smag, h\u00e5ndplukker og pr\u00e6senterer vi nye tilbud, der \u00e6ndrer sig hver dag i ugen!&nbsp;<\/p>\n\n\n\n<p>Det betyder, at du nu kan v\u00e6lge et nyt personligt tilbud hver dag!<\/p>\n\n\n\n<p>For at f\u00e5 adgang til disse tilbud skal du f\u00f8rst registrere dig og oprette en spillerkonto hos PlayKasino. Det er en simpel proces og tager ikke mere end et par minutter. N\u00e5r det er gjort, kan du g\u00e5 videre til afsnittet Dagens valg og straks v\u00e6lge det, du kan lide.&nbsp;<\/p>\n\n\n\n<p>Bem\u00e6rk: Disse personlige tilbud \u00e6ndres hver dag. N\u00e5r dagen slutter, bliver tilbuddet ugyldigt.&nbsp;<\/p>\n\n\n\n<p>F\u00e5 mest muligt ud af din casinospiloplevelse hos PlayKasino! Se vores Daily Pick-sektion for vores liste over personlige tilbud, begivenheder og dagens bel\u00f8nninger.&nbsp;<\/p>\n\n\n\n<p>Alle bonusser er underlagt oms\u00e6tningskrav og berettigelseskriterier som beskrevet i vores vilk\u00e5r og betingelser.<\/p>\n","protected":false},"excerpt":{"rendered":"<p>Hvem elsker ikke tilbud? Is\u00e6r n\u00e5r de tilf\u00f8jer ekstra fordele til dine yndlingscasinospil! PlayKasino tilbyder en helt ny, konstant skiftende liste over daglige valg og tilbud hver dag, skr\u00e6ddersyet til dig! &nbsp; Hvad er daglige valg? Disse er tilpassede kampagner, tilbud, bel\u00f8nninger og begivenheder, der tilbydes spillere p\u00e5 den p\u00e5g\u00e6ldende dag. De \u00e6ndrer sig hver [&hellip;]<\/p>\n","protected":false},"author":1,"featured_media":0,"parent":0,"menu_order":0,"comment_status":"closed","ping_status":"closed","template":"content-default.php","meta":{"footnotes":""},"class_list":["post-141","page","type-page","status-publish","hentry"],"yoast_head":"<!-- This site is optimized with the Yoast SEO plugin v26.1.1 - https:\/\/yoast.com\/wordpress\/plugins\/seo\/ -->\n<title>Daily Picks - Offers for the day<\/title>\n<meta name=\"description\" content=\"A new pick every day for you - check out the daily pick offers available at PlayKasino.\" \/>\n<meta name=\"robots\" content=\"index, follow, max-snippet:-1, max-image-preview:large, max-video-preview:-1\" \/>\n<link rel=\"canonical\" href=\"https:\/\/www.playkasino.com\/da-dk\/daglige-valg\/\" \/>\n<meta property=\"og:locale\" content=\"da_DK\" \/>\n<meta property=\"og:type\" content=\"article\" \/>\n<meta property=\"og:title\" content=\"Daily Picks - Offers for the day\" \/>\n<meta property=\"og:description\" content=\"A new pick every day for you - check out the daily pick offers available at PlayKasino.\" \/>\n<meta property=\"og:url\" content=\"https:\/\/www.playkasino.com\/da-dk\/daglige-valg\/\" \/>\n<meta property=\"og:site_name\" content=\"PlayKasino Denmark\" \/>\n<meta property=\"article:modified_time\" content=\"2025-10-30T14:30:19+00:00\" \/>\n<meta name=\"twitter:card\" content=\"summary_large_image\" \/>\n<meta name=\"twitter:label1\" content=\"Estimeret l\u00e6setid\" \/>\n\t<meta name=\"twitter:data1\" content=\"2 minutter\" \/>\n<script type=\"application\/ld+json\" class=\"yoast-schema-graph\">{\"@context\":\"https:\/\/schema.org\",\"@graph\":[{\"@type\":\"WebPage\",\"@id\":\"https:\/\/www.playkasino.com\/da-dk\/daglige-valg\/\",\"url\":\"https:\/\/www.playkasino.com\/da-dk\/daglige-valg\/\",\"name\":\"Daily Picks - Offers for the day\",\"isPartOf\":{\"@id\":\"https:\/\/www.playkasino.com\/da-dk\/#website\"},\"datePublished\":\"2025-10-13T10:46:25+00:00\",\"dateModified\":\"2025-10-30T14:30:19+00:00\",\"description\":\"A new pick every day for you - check out the daily pick offers available at PlayKasino.\",\"breadcrumb\":{\"@id\":\"https:\/\/www.playkasino.com\/da-dk\/daglige-valg\/#breadcrumb\"},\"inLanguage\":\"da-DK\",\"potentialAction\":[{\"@type\":\"ReadAction\",\"target\":[\"https:\/\/www.playkasino.com\/da-dk\/daglige-valg\/\"]}]},{\"@type\":\"BreadcrumbList\",\"@id\":\"https:\/\/www.playkasino.com\/da-dk\/daglige-valg\/#breadcrumb\",\"itemListElement\":[{\"@type\":\"ListItem\",\"position\":1,\"name\":\"Hjem\",\"item\":\"https:\/\/www.playkasino.com\/da-dk\/\"},{\"@type\":\"ListItem\",\"position\":2,\"name\":\"Daglige valg \u2013 et nyt tilbud hver dag\"}]},{\"@type\":\"WebSite\",\"@id\":\"https:\/\/www.playkasino.com\/da-dk\/#website\",\"url\":\"https:\/\/www.playkasino.com\/da-dk\/\",\"name\":\"PlayKasino Denmark\",\"description\":\"\",\"potentialAction\":[{\"@type\":\"SearchAction\",\"target\":{\"@type\":\"EntryPoint\",\"urlTemplate\":\"https:\/\/www.playkasino.com\/da-dk\/?s={search_term_string}\"},\"query-input\":{\"@type\":\"PropertyValueSpecification\",\"valueRequired\":true,\"valueName\":\"search_term_string\"}}],\"inLanguage\":\"da-DK\"}]}<\/script>\n<!-- \/ Yoast SEO plugin. -->","yoast_head_json":{"title":"Daily Picks - Offers for the day","description":"A new pick every day for you - check out the daily pick offers available at PlayKasino.","robots":{"index":"index","follow":"follow","max-snippet":"max-snippet:-1","max-image-preview":"max-image-preview:large","max-video-preview":"max-video-preview:-1"},"canonical":"https:\/\/www.playkasino.com\/da-dk\/daglige-valg\/","og_locale":"da_DK","og_type":"article","og_title":"Daily Picks - Offers for the day","og_description":"A new pick every day for you - check out the daily pick offers available at PlayKasino.","og_url":"https:\/\/www.playkasino.com\/da-dk\/daglige-valg\/","og_site_name":"PlayKasino Denmark","article_modified_time":"2025-10-30T14:30:19+00:00","twitter_card":"summary_large_image","twitter_misc":{"Estimeret l\u00e6setid":"2 minutter"},"schema":{"@context":"https:\/\/schema.org","@graph":[{"@type":"WebPage","@id":"https:\/\/www.playkasino.com\/da-dk\/daglige-valg\/","url":"https:\/\/www.playkasino.com\/da-dk\/daglige-valg\/","name":"Daily Picks - Offers for the day","isPartOf":{"@id":"https:\/\/www.playkasino.com\/da-dk\/#website"},"datePublished":"2025-10-13T10:46:25+00:00","dateModified":"2025-10-30T14:30:19+00:00","description":"A new pick every day for you - check out the daily pick offers available at PlayKasino.","breadcrumb":{"@id":"https:\/\/www.playkasino.com\/da-dk\/daglige-valg\/#breadcrumb"},"inLanguage":"da-DK","potentialAction":[{"@type":"ReadAction","target":["https:\/\/www.playkasino.com\/da-dk\/daglige-valg\/"]}]},{"@type":"BreadcrumbList","@id":"https:\/\/www.playkasino.com\/da-dk\/daglige-valg\/#breadcrumb","itemListElement":[{"@type":"ListItem","position":1,"name":"Hjem","item":"https:\/\/www.playkasino.com\/da-dk\/"},{"@type":"ListItem","position":2,"name":"Daglige valg \u2013 et nyt tilbud hver dag"}]},{"@type":"WebSite","@id":"https:\/\/www.playkasino.com\/da-dk\/#website","url":"https:\/\/www.playkasino.com\/da-dk\/","name":"PlayKasino Denmark","description":"","potentialAction":[{"@type":"SearchAction","target":{"@type":"EntryPoint","urlTemplate":"https:\/\/www.playkasino.com\/da-dk\/?s={search_term_string}"},"query-input":{"@type":"PropertyValueSpecification","valueRequired":true,"valueName":"search_term_string"}}],"inLanguage":"da-DK"}]}},"_links":{"self":[{"href":"https:\/\/www.playkasino.com\/da-dk\/wp-json\/wp\/v2\/pages\/141","targetHints":{"allow":["GET"]}}],"collection":[{"href":"https:\/\/www.playkasino.com\/da-dk\/wp-json\/wp\/v2\/pages"}],"about":[{"href":"https:\/\/www.playkasino.com\/da-dk\/wp-json\/wp\/v2\/types\/page"}],"author":[{"embeddable":true,"href":"https:\/\/www.playkasino.com\/da-dk\/wp-json\/wp\/v2\/users\/1"}],"replies":[{"embeddable":true,"href":"https:\/\/www.playkasino.com\/da-dk\/wp-json\/wp\/v2\/comments?post=141"}],"version-history":[{"count":2,"href":"https:\/\/www.playkasino.com\/da-dk\/wp-json\/wp\/v2\/pages\/141\/revisions"}],"predecessor-version":[{"id":274,"href":"https:\/\/www.playkasino.com\/da-dk\/wp-json\/wp\/v2\/pages\/141\/revisions\/274"}],"wp:attachment":[{"href":"https:\/\/www.playkasino.com\/da-dk\/wp-json\/wp\/v2\/media?parent=141"}],"curies":[{"name":"wp","href":"https:\/\/api.w.org\/{rel}","templated":true}]}}