{"id":159,"date":"2025-10-13T10:48:33","date_gmt":"2025-10-13T10:48:33","guid":{"rendered":"https:\/\/www.playkasino.com\/?page_id=159"},"modified":"2025-11-19T10:03:23","modified_gmt":"2025-11-19T10:03:23","slug":"kontakt-os","status":"publish","type":"page","link":"https:\/\/www.playkasino.com\/da-dk\/kontakt-os\/","title":{"rendered":"Kontakt os"},"content":{"rendered":"\n<p><\/p>\n\n\n\n<p>Du kan sende eventuelle sp\u00f8rgsm\u00e5l eller problemer til: <a href=\"mailto:support@playkasino.com\"><b>support@playkasino.com<\/b><\/a><\/p>\n\n\n\n<p>Vores supportteam st\u00e5r klar til at hj\u00e6lpe dig, s\u00e5 din oplevelse hos Swift bliver s\u00e5 behagelig og problemfri som muligt.<\/p>\n\n\n\n<p>Bem\u00e6rk venligst, at support p\u00e5 forskellige sprog ikke altid er tilg\u00e6ngelig d\u00f8gnet rundt.<\/p>\n\n\n\n<p>Vi anbefaler, at du, hvis du har mulighed for det, skriver din foresp\u00f8rgsel p\u00e5 engelsk for at modtage et \u00f8jeblikkeligt svar.<\/p>\n","protected":false},"excerpt":{"rendered":"<p>Du kan sende eventuelle sp\u00f8rgsm\u00e5l eller problemer til: support@playkasino.com Vores supportteam st\u00e5r klar til at hj\u00e6lpe dig, s\u00e5 din oplevelse hos Swift bliver s\u00e5 behagelig og problemfri som muligt. Bem\u00e6rk venligst, at support p\u00e5 forskellige sprog ikke altid er tilg\u00e6ngelig d\u00f8gnet rundt. Vi anbefaler, at du, hvis du har mulighed for det, skriver din foresp\u00f8rgsel [&hellip;]<\/p>\n","protected":false},"author":1,"featured_media":0,"parent":0,"menu_order":0,"comment_status":"closed","ping_status":"closed","template":"content-default.php","meta":{"footnotes":""},"class_list":["post-159","page","type-page","status-publish","hentry"],"yoast_head":"<!-- This site is optimized with the Yoast SEO plugin v26.1.1 - https:\/\/yoast.com\/wordpress\/plugins\/seo\/ -->\n<title>Kontakt os | f\u00e5 eksklusivtvelkomsttilbud f\u00e5 100%op til 200kr<\/title>\n<meta name=\"robots\" content=\"index, follow, max-snippet:-1, max-image-preview:large, max-video-preview:-1\" \/>\n<link rel=\"canonical\" href=\"https:\/\/www.playkasino.com\/da-dk\/kontakt-os\/\" \/>\n<meta property=\"og:locale\" content=\"da_DK\" \/>\n<meta property=\"og:type\" content=\"article\" \/>\n<meta property=\"og:title\" content=\"Kontakt os | f\u00e5 eksklusivtvelkomsttilbud f\u00e5 100%op til 200kr\" \/>\n<meta property=\"og:description\" content=\"Du kan sende eventuelle sp\u00f8rgsm\u00e5l eller problemer til: support@playkasino.com Vores supportteam st\u00e5r klar til at hj\u00e6lpe dig, s\u00e5 din oplevelse hos Swift bliver s\u00e5 behagelig og problemfri som muligt. Bem\u00e6rk venligst, at support p\u00e5 forskellige sprog ikke altid er tilg\u00e6ngelig d\u00f8gnet rundt. Vi anbefaler, at du, hvis du har mulighed for det, skriver din foresp\u00f8rgsel [&hellip;]\" \/>\n<meta property=\"og:url\" content=\"https:\/\/www.playkasino.com\/da-dk\/kontakt-os\/\" \/>\n<meta property=\"og:site_name\" content=\"PlayKasino Denmark\" \/>\n<meta property=\"article:modified_time\" content=\"2025-11-19T10:03:23+00:00\" \/>\n<meta name=\"twitter:card\" content=\"summary_large_image\" \/>\n<meta name=\"twitter:label1\" content=\"Estimeret l\u00e6setid\" \/>\n\t<meta name=\"twitter:data1\" content=\"1 minut\" \/>\n<script type=\"application\/ld+json\" class=\"yoast-schema-graph\">{\"@context\":\"https:\/\/schema.org\",\"@graph\":[{\"@type\":\"WebPage\",\"@id\":\"https:\/\/www.playkasino.com\/da-dk\/kontakt-os\/\",\"url\":\"https:\/\/www.playkasino.com\/da-dk\/kontakt-os\/\",\"name\":\"Kontakt os | f\u00e5 eksklusivtvelkomsttilbud f\u00e5 100%op til 200kr\",\"isPartOf\":{\"@id\":\"https:\/\/www.playkasino.com\/da-dk\/#website\"},\"datePublished\":\"2025-10-13T10:48:33+00:00\",\"dateModified\":\"2025-11-19T10:03:23+00:00\",\"breadcrumb\":{\"@id\":\"https:\/\/www.playkasino.com\/da-dk\/kontakt-os\/#breadcrumb\"},\"inLanguage\":\"da-DK\",\"potentialAction\":[{\"@type\":\"ReadAction\",\"target\":[\"https:\/\/www.playkasino.com\/da-dk\/kontakt-os\/\"]}]},{\"@type\":\"BreadcrumbList\",\"@id\":\"https:\/\/www.playkasino.com\/da-dk\/kontakt-os\/#breadcrumb\",\"itemListElement\":[{\"@type\":\"ListItem\",\"position\":1,\"name\":\"Hjem\",\"item\":\"https:\/\/www.playkasino.com\/da-dk\/\"},{\"@type\":\"ListItem\",\"position\":2,\"name\":\"Kontakt os\"}]},{\"@type\":\"WebSite\",\"@id\":\"https:\/\/www.playkasino.com\/da-dk\/#website\",\"url\":\"https:\/\/www.playkasino.com\/da-dk\/\",\"name\":\"PlayKasino Denmark\",\"description\":\"\",\"potentialAction\":[{\"@type\":\"SearchAction\",\"target\":{\"@type\":\"EntryPoint\",\"urlTemplate\":\"https:\/\/www.playkasino.com\/da-dk\/?s={search_term_string}\"},\"query-input\":{\"@type\":\"PropertyValueSpecification\",\"valueRequired\":true,\"valueName\":\"search_term_string\"}}],\"inLanguage\":\"da-DK\"}]}<\/script>\n<!-- \/ Yoast SEO plugin. -->","yoast_head_json":{"title":"Kontakt os | f\u00e5 eksklusivtvelkomsttilbud f\u00e5 100%op til 200kr","robots":{"index":"index","follow":"follow","max-snippet":"max-snippet:-1","max-image-preview":"max-image-preview:large","max-video-preview":"max-video-preview:-1"},"canonical":"https:\/\/www.playkasino.com\/da-dk\/kontakt-os\/","og_locale":"da_DK","og_type":"article","og_title":"Kontakt os | f\u00e5 eksklusivtvelkomsttilbud f\u00e5 100%op til 200kr","og_description":"Du kan sende eventuelle sp\u00f8rgsm\u00e5l eller problemer til: support@playkasino.com Vores supportteam st\u00e5r klar til at hj\u00e6lpe dig, s\u00e5 din oplevelse hos Swift bliver s\u00e5 behagelig og problemfri som muligt. Bem\u00e6rk venligst, at support p\u00e5 forskellige sprog ikke altid er tilg\u00e6ngelig d\u00f8gnet rundt. Vi anbefaler, at du, hvis du har mulighed for det, skriver din foresp\u00f8rgsel [&hellip;]","og_url":"https:\/\/www.playkasino.com\/da-dk\/kontakt-os\/","og_site_name":"PlayKasino Denmark","article_modified_time":"2025-11-19T10:03:23+00:00","twitter_card":"summary_large_image","twitter_misc":{"Estimeret l\u00e6setid":"1 minut"},"schema":{"@context":"https:\/\/schema.org","@graph":[{"@type":"WebPage","@id":"https:\/\/www.playkasino.com\/da-dk\/kontakt-os\/","url":"https:\/\/www.playkasino.com\/da-dk\/kontakt-os\/","name":"Kontakt os | f\u00e5 eksklusivtvelkomsttilbud f\u00e5 100%op til 200kr","isPartOf":{"@id":"https:\/\/www.playkasino.com\/da-dk\/#website"},"datePublished":"2025-10-13T10:48:33+00:00","dateModified":"2025-11-19T10:03:23+00:00","breadcrumb":{"@id":"https:\/\/www.playkasino.com\/da-dk\/kontakt-os\/#breadcrumb"},"inLanguage":"da-DK","potentialAction":[{"@type":"ReadAction","target":["https:\/\/www.playkasino.com\/da-dk\/kontakt-os\/"]}]},{"@type":"BreadcrumbList","@id":"https:\/\/www.playkasino.com\/da-dk\/kontakt-os\/#breadcrumb","itemListElement":[{"@type":"ListItem","position":1,"name":"Hjem","item":"https:\/\/www.playkasino.com\/da-dk\/"},{"@type":"ListItem","position":2,"name":"Kontakt os"}]},{"@type":"WebSite","@id":"https:\/\/www.playkasino.com\/da-dk\/#website","url":"https:\/\/www.playkasino.com\/da-dk\/","name":"PlayKasino Denmark","description":"","potentialAction":[{"@type":"SearchAction","target":{"@type":"EntryPoint","urlTemplate":"https:\/\/www.playkasino.com\/da-dk\/?s={search_term_string}"},"query-input":{"@type":"PropertyValueSpecification","valueRequired":true,"valueName":"search_term_string"}}],"inLanguage":"da-DK"}]}},"_links":{"self":[{"href":"https:\/\/www.playkasino.com\/da-dk\/wp-json\/wp\/v2\/pages\/159","targetHints":{"allow":["GET"]}}],"collection":[{"href":"https:\/\/www.playkasino.com\/da-dk\/wp-json\/wp\/v2\/pages"}],"about":[{"href":"https:\/\/www.playkasino.com\/da-dk\/wp-json\/wp\/v2\/types\/page"}],"author":[{"embeddable":true,"href":"https:\/\/www.playkasino.com\/da-dk\/wp-json\/wp\/v2\/users\/1"}],"replies":[{"embeddable":true,"href":"https:\/\/www.playkasino.com\/da-dk\/wp-json\/wp\/v2\/comments?post=159"}],"version-history":[{"count":4,"href":"https:\/\/www.playkasino.com\/da-dk\/wp-json\/wp\/v2\/pages\/159\/revisions"}],"predecessor-version":[{"id":301,"href":"https:\/\/www.playkasino.com\/da-dk\/wp-json\/wp\/v2\/pages\/159\/revisions\/301"}],"wp:attachment":[{"href":"https:\/\/www.playkasino.com\/da-dk\/wp-json\/wp\/v2\/media?parent=159"}],"curies":[{"name":"wp","href":"https:\/\/api.w.org\/{rel}","templated":true}]}}