{"id":284,"date":"2025-11-12T14:56:11","date_gmt":"2025-11-12T14:56:11","guid":{"rendered":"https:\/\/www.playkasino.com\/da-dk\/?page_id=284"},"modified":"2026-02-27T10:00:02","modified_gmt":"2026-02-27T10:00:02","slug":"uploading-documents","status":"publish","type":"page","link":"https:\/\/www.playkasino.com\/da-dk\/uploading-documents\/","title":{"rendered":"Uploader dokumenter"},"content":{"rendered":"\n<p>Retningslinjer for bekr\u00e6ftelsesdokumenter<\/p>\n<p>I forbindelse med at du er kunde, kan du blive bedt om at uploade dokumenter for at bekr\u00e6fte din identitet og adresse samt den betalingsmetode, du benytter.<\/p>\n<p>Vi anbefaler p\u00e5 det kraftigste, at du uploader disse dokumenter s\u00e5 hurtigt som muligt, s\u00e5 du ikke kommer til at opleve afbrydelser i dit spil.<\/p>\n<p>Vi skal bruge f\u00f8lgende fra dig:<\/p>\n<p>Id-kort<\/p>\n<img decoding=\"async\" src=\"https:\/\/www.playkasino.com\/wp-content\/uploads\/2025\/11\/proof-of-ID.png\" alt=\"ID proof\">\n<p>Accepterede dokumenter omfatter:<\/p>\n<p>Sygesikringskort (kan anvendes b\u00e5de som id-kort og som adressebevis)<\/p>\n<p>Pas<\/p>\n<p>K\u00f8rekort<\/p>\n<p>Id-kort (udstedt af det offentlige)<\/p>\n<p>Dit id-dokument skal:<\/p>\n<ul>\n<li>V\u00e6re i farve<li>\n<li>V\u00e6re gyldigt<li>\n<li>Have et tydeligt billede<\/li>\n<li>Indeholde en underskrift<\/li>\n<li>M\u00e5 ikke mangle hj\u00f8rner<\/li>\n<\/ul>\n<p>Adressebevis<\/p>\n<img decoding=\"async\" src=\"https:\/\/www.playkasino.com\/wp-content\/uploads\/2025\/11\/proof-of-address.png\" alt=\"ID Address\">\n<p>Accepterede dokumenter omfatter:<p>\n<p>Forbrugsregning (gas, vand, el)<\/p>\n<p>Eller et kontoudtog fra din bank<\/p>\n<p>Dit adressebevis skal:<\/p>\n<ul>\n<li>V\u00e6re i farve<\/li>\n<li>V\u00e6re udstedt i dit navn<\/li>\n<li>Indeholde din adresse<\/li>\n<li>V\u00e6re udstedt inden for de seneste 3 m\u00e5neder<\/li>\n<li>Vise din bank\/virksomheds logo<\/li>\n<\/ul>\n<p>Kreditkort<\/p>\n<img decoding=\"async\" src=\"https:\/\/www.playkasino.com\/wp-content\/uploads\/2025\/11\/copy-of-bank-card.png\" alt=\"Copy Bank Card\">\n<p>Hvis du v\u00e6lge at indbetale ved hj\u00e6lp af et kreditkort, skal du sende en kopi af kortet til os. Dette du kun g\u00f8re \u00e9n gang pr. kort, du benytter. Hvis du forts\u00e6tter med at benytte det samme kort, skal du ikke sende dette igen.<\/p>\n<p>Indsend f\u00f8lgende:<\/p>\n<p>Forsiden af kortet<\/p>\n<ul>\n<li>Skal v\u00e6re i farve<\/li>\n<li>Kun de f\u00f8rste 4 og de sidste 4 cifre p\u00e5 kortet skal v\u00e6re synlige<\/li>\n<li>Tild\u00e6k de midterst 8 cifre p\u00e5 kortet<\/li>\n<li>Der m\u00e5 ikke mangle hj\u00f8rner p\u00e5 kortet<\/li>\n<\/ul>\n<p>Du kan nemt indsende dine dokumenter, og du skal kun g\u00f8re det \u00e9n gang. Du skal blot uploade dem via afsnittet Kasse, n\u00e5r du logger ind. Det er kun n\u00f8dvendigt at uploade yderligere dokumenter, hvis du anvender et nyt kreditkort, en ny betalingsmetode, eller du \u00e6ndrer din personlige oplysninger (dvs. adresse, navn osv.).<\/p>\n\n<p>Vi gennemg\u00e5r dokumenterne s\u00e5 hurtigt som muligt, som regel indenfor 12 timer. Det kan vare l\u00e6ngere, hvis ekstra bekr\u00e6ftelse er n\u00f8dvendig, s\u00e5 hvis du ikke har h\u00f8rt fra os indenfor 48 timer, bedes du kontakte kundeservice.<\/p>\n","protected":false},"excerpt":{"rendered":"<p>Retningslinjer for bekr\u00e6ftelsesdokumenter I forbindelse med at du er kunde, kan du blive bedt om at uploade dokumenter for at bekr\u00e6fte din identitet og adresse samt den betalingsmetode, du benytter. Vi anbefaler p\u00e5 det kraftigste, at du uploader disse dokumenter s\u00e5 hurtigt som muligt, s\u00e5 du ikke kommer til at opleve afbrydelser i dit spil. [&hellip;]<\/p>\n","protected":false},"author":1,"featured_media":0,"parent":0,"menu_order":0,"comment_status":"closed","ping_status":"closed","template":"content-default.php","meta":{"footnotes":""},"class_list":["post-284","page","type-page","status-publish","hentry"],"yoast_head":"<!-- This site is optimized with the Yoast SEO plugin v26.1.1 - https:\/\/yoast.com\/wordpress\/plugins\/seo\/ -->\n<title>Uploader dokumenter | f\u00e5 eksklusivtvelkomsttilbud f\u00e5 100%op til 200kr<\/title>\n<meta name=\"robots\" content=\"index, follow, max-snippet:-1, max-image-preview:large, max-video-preview:-1\" \/>\n<link rel=\"canonical\" href=\"https:\/\/www.playkasino.com\/da-dk\/uploading-documents\/\" \/>\n<meta property=\"og:locale\" content=\"da_DK\" \/>\n<meta property=\"og:type\" content=\"article\" \/>\n<meta property=\"og:title\" content=\"Uploader dokumenter | f\u00e5 eksklusivtvelkomsttilbud f\u00e5 100%op til 200kr\" \/>\n<meta property=\"og:description\" content=\"Retningslinjer for bekr\u00e6ftelsesdokumenter I forbindelse med at du er kunde, kan du blive bedt om at uploade dokumenter for at bekr\u00e6fte din identitet og adresse samt den betalingsmetode, du benytter. Vi anbefaler p\u00e5 det kraftigste, at du uploader disse dokumenter s\u00e5 hurtigt som muligt, s\u00e5 du ikke kommer til at opleve afbrydelser i dit spil. [&hellip;]\" \/>\n<meta property=\"og:url\" content=\"https:\/\/www.playkasino.com\/da-dk\/uploading-documents\/\" \/>\n<meta property=\"og:site_name\" content=\"PlayKasino Denmark\" \/>\n<meta property=\"article:modified_time\" content=\"2026-02-27T10:00:02+00:00\" \/>\n<meta property=\"og:image\" content=\"https:\/\/www.playkasino.com\/wp-content\/uploads\/2025\/11\/proof-of-ID.png\" \/>\n<meta name=\"twitter:card\" content=\"summary_large_image\" \/>\n<meta name=\"twitter:label1\" content=\"Estimeret l\u00e6setid\" \/>\n\t<meta name=\"twitter:data1\" content=\"3 minutter\" \/>\n<script type=\"application\/ld+json\" class=\"yoast-schema-graph\">{\"@context\":\"https:\/\/schema.org\",\"@graph\":[{\"@type\":\"WebPage\",\"@id\":\"https:\/\/www.playkasino.com\/da-dk\/uploading-documents\/\",\"url\":\"https:\/\/www.playkasino.com\/da-dk\/uploading-documents\/\",\"name\":\"Uploader dokumenter | f\u00e5 eksklusivtvelkomsttilbud f\u00e5 100%op til 200kr\",\"isPartOf\":{\"@id\":\"https:\/\/www.playkasino.com\/da-dk\/#website\"},\"primaryImageOfPage\":{\"@id\":\"https:\/\/www.playkasino.com\/da-dk\/uploading-documents\/#primaryimage\"},\"image\":{\"@id\":\"https:\/\/www.playkasino.com\/da-dk\/uploading-documents\/#primaryimage\"},\"thumbnailUrl\":\"https:\/\/www.playkasino.com\/wp-content\/uploads\/2025\/11\/proof-of-ID.png\",\"datePublished\":\"2025-11-12T14:56:11+00:00\",\"dateModified\":\"2026-02-27T10:00:02+00:00\",\"breadcrumb\":{\"@id\":\"https:\/\/www.playkasino.com\/da-dk\/uploading-documents\/#breadcrumb\"},\"inLanguage\":\"da-DK\",\"potentialAction\":[{\"@type\":\"ReadAction\",\"target\":[\"https:\/\/www.playkasino.com\/da-dk\/uploading-documents\/\"]}]},{\"@type\":\"ImageObject\",\"inLanguage\":\"da-DK\",\"@id\":\"https:\/\/www.playkasino.com\/da-dk\/uploading-documents\/#primaryimage\",\"url\":\"https:\/\/www.playkasino.com\/wp-content\/uploads\/2025\/11\/proof-of-ID.png\",\"contentUrl\":\"https:\/\/www.playkasino.com\/wp-content\/uploads\/2025\/11\/proof-of-ID.png\"},{\"@type\":\"BreadcrumbList\",\"@id\":\"https:\/\/www.playkasino.com\/da-dk\/uploading-documents\/#breadcrumb\",\"itemListElement\":[{\"@type\":\"ListItem\",\"position\":1,\"name\":\"Hjem\",\"item\":\"https:\/\/www.playkasino.com\/da-dk\/\"},{\"@type\":\"ListItem\",\"position\":2,\"name\":\"Uploader dokumenter\"}]},{\"@type\":\"WebSite\",\"@id\":\"https:\/\/www.playkasino.com\/da-dk\/#website\",\"url\":\"https:\/\/www.playkasino.com\/da-dk\/\",\"name\":\"PlayKasino Denmark\",\"description\":\"\",\"potentialAction\":[{\"@type\":\"SearchAction\",\"target\":{\"@type\":\"EntryPoint\",\"urlTemplate\":\"https:\/\/www.playkasino.com\/da-dk\/?s={search_term_string}\"},\"query-input\":{\"@type\":\"PropertyValueSpecification\",\"valueRequired\":true,\"valueName\":\"search_term_string\"}}],\"inLanguage\":\"da-DK\"}]}<\/script>\n<!-- \/ Yoast SEO plugin. -->","yoast_head_json":{"title":"Uploader dokumenter | f\u00e5 eksklusivtvelkomsttilbud f\u00e5 100%op til 200kr","robots":{"index":"index","follow":"follow","max-snippet":"max-snippet:-1","max-image-preview":"max-image-preview:large","max-video-preview":"max-video-preview:-1"},"canonical":"https:\/\/www.playkasino.com\/da-dk\/uploading-documents\/","og_locale":"da_DK","og_type":"article","og_title":"Uploader dokumenter | f\u00e5 eksklusivtvelkomsttilbud f\u00e5 100%op til 200kr","og_description":"Retningslinjer for bekr\u00e6ftelsesdokumenter I forbindelse med at du er kunde, kan du blive bedt om at uploade dokumenter for at bekr\u00e6fte din identitet og adresse samt den betalingsmetode, du benytter. Vi anbefaler p\u00e5 det kraftigste, at du uploader disse dokumenter s\u00e5 hurtigt som muligt, s\u00e5 du ikke kommer til at opleve afbrydelser i dit spil. [&hellip;]","og_url":"https:\/\/www.playkasino.com\/da-dk\/uploading-documents\/","og_site_name":"PlayKasino Denmark","article_modified_time":"2026-02-27T10:00:02+00:00","og_image":[{"url":"https:\/\/www.playkasino.com\/wp-content\/uploads\/2025\/11\/proof-of-ID.png","type":"","width":"","height":""}],"twitter_card":"summary_large_image","twitter_misc":{"Estimeret l\u00e6setid":"3 minutter"},"schema":{"@context":"https:\/\/schema.org","@graph":[{"@type":"WebPage","@id":"https:\/\/www.playkasino.com\/da-dk\/uploading-documents\/","url":"https:\/\/www.playkasino.com\/da-dk\/uploading-documents\/","name":"Uploader dokumenter | f\u00e5 eksklusivtvelkomsttilbud f\u00e5 100%op til 200kr","isPartOf":{"@id":"https:\/\/www.playkasino.com\/da-dk\/#website"},"primaryImageOfPage":{"@id":"https:\/\/www.playkasino.com\/da-dk\/uploading-documents\/#primaryimage"},"image":{"@id":"https:\/\/www.playkasino.com\/da-dk\/uploading-documents\/#primaryimage"},"thumbnailUrl":"https:\/\/www.playkasino.com\/wp-content\/uploads\/2025\/11\/proof-of-ID.png","datePublished":"2025-11-12T14:56:11+00:00","dateModified":"2026-02-27T10:00:02+00:00","breadcrumb":{"@id":"https:\/\/www.playkasino.com\/da-dk\/uploading-documents\/#breadcrumb"},"inLanguage":"da-DK","potentialAction":[{"@type":"ReadAction","target":["https:\/\/www.playkasino.com\/da-dk\/uploading-documents\/"]}]},{"@type":"ImageObject","inLanguage":"da-DK","@id":"https:\/\/www.playkasino.com\/da-dk\/uploading-documents\/#primaryimage","url":"https:\/\/www.playkasino.com\/wp-content\/uploads\/2025\/11\/proof-of-ID.png","contentUrl":"https:\/\/www.playkasino.com\/wp-content\/uploads\/2025\/11\/proof-of-ID.png"},{"@type":"BreadcrumbList","@id":"https:\/\/www.playkasino.com\/da-dk\/uploading-documents\/#breadcrumb","itemListElement":[{"@type":"ListItem","position":1,"name":"Hjem","item":"https:\/\/www.playkasino.com\/da-dk\/"},{"@type":"ListItem","position":2,"name":"Uploader dokumenter"}]},{"@type":"WebSite","@id":"https:\/\/www.playkasino.com\/da-dk\/#website","url":"https:\/\/www.playkasino.com\/da-dk\/","name":"PlayKasino Denmark","description":"","potentialAction":[{"@type":"SearchAction","target":{"@type":"EntryPoint","urlTemplate":"https:\/\/www.playkasino.com\/da-dk\/?s={search_term_string}"},"query-input":{"@type":"PropertyValueSpecification","valueRequired":true,"valueName":"search_term_string"}}],"inLanguage":"da-DK"}]}},"_links":{"self":[{"href":"https:\/\/www.playkasino.com\/da-dk\/wp-json\/wp\/v2\/pages\/284","targetHints":{"allow":["GET"]}}],"collection":[{"href":"https:\/\/www.playkasino.com\/da-dk\/wp-json\/wp\/v2\/pages"}],"about":[{"href":"https:\/\/www.playkasino.com\/da-dk\/wp-json\/wp\/v2\/types\/page"}],"author":[{"embeddable":true,"href":"https:\/\/www.playkasino.com\/da-dk\/wp-json\/wp\/v2\/users\/1"}],"replies":[{"embeddable":true,"href":"https:\/\/www.playkasino.com\/da-dk\/wp-json\/wp\/v2\/comments?post=284"}],"version-history":[{"count":11,"href":"https:\/\/www.playkasino.com\/da-dk\/wp-json\/wp\/v2\/pages\/284\/revisions"}],"predecessor-version":[{"id":306,"href":"https:\/\/www.playkasino.com\/da-dk\/wp-json\/wp\/v2\/pages\/284\/revisions\/306"}],"wp:attachment":[{"href":"https:\/\/www.playkasino.com\/da-dk\/wp-json\/wp\/v2\/media?parent=284"}],"curies":[{"name":"wp","href":"https:\/\/api.w.org\/{rel}","templated":true}]}}