{"id":141,"date":"2025-10-13T10:46:25","date_gmt":"2025-10-13T10:46:25","guid":{"rendered":"https:\/\/www.playkasino.com\/?page_id=141"},"modified":"2025-10-30T14:25:41","modified_gmt":"2025-10-30T14:25:41","slug":"daglige-valg","status":"publish","type":"page","link":"https:\/\/www.playkasino.com\/nb-no\/daglige-valg\/","title":{"rendered":"Daglige valg \u2013 et nytt tilbud hver dag"},"content":{"rendered":"\n<p>Hvem elsker vel ikke tilbud? Spesielt n\u00e5r det gir ekstra fordeler til favorittcasinospillene dine! Vel, PlayKasino tilbyr en helt ny, stadig skiftende liste med daglige valg og tilbud hver dag, tilpasset bare for deg!&nbsp;<\/p>\n\n\n\n<h2 class=\"wp-block-heading\">Hva er daglige valg?<\/h2>\n\n\n\n<p>Dette er tilpassede kampanjer, tilbud, bel\u00f8nninger og arrangementer som tilbys spillere p\u00e5 den aktuelle dagen. De endres hver dag i uken.&nbsp;<\/p>\n\n\n\n<p>Hvis du er usikker p\u00e5 hvor du skal begynne, kan du g\u00e5 gjennom denne delen og starte med ditt valgte tilbud for dagen.&nbsp;<\/p>\n\n\n\n<h2 class=\"wp-block-heading\">Daglige valg hos PlayKasino<\/h2>\n\n\n\n<p>PlayKasino forst\u00e5r at spillerne deres har varierte interesser og spillbehov. For \u00e5 tilfredsstille alle spilleres preferanser og smak, h\u00e5ndplukker og presenterer vi nye tilbud som endres hver dag i uken!&nbsp;<\/p>\n\n\n\n<p>Dette betyr at du n\u00e5 kan velge et nytt personlig tilbud hver dag!<\/p>\n\n\n\n<p>For \u00e5 f\u00e5 tilgang til disse tilbudene m\u00e5 du f\u00f8rst registrere deg og opprette en spillerkonto hos PlayKasino. Det er en enkel prosess og tar ikke mer enn noen f\u00e5 minutter. N\u00e5r det er gjort, kan du g\u00e5 videre til Dagens valg-seksjonen og umiddelbart velge det du liker.&nbsp;<\/p>\n\n\n\n<p>Merk: Disse personlige tilbudene endres hver dag. N\u00e5r dagen er over, blir tilbudet ugyldig.&nbsp;<\/p>\n\n\n\n<p>F\u00e5 mest mulig ut av kasinospillopplevelsen din hos PlayKasino! Sjekk ut v\u00e5r Daglige Valg-seksjon for en liste over personlige tilbud, arrangementer og bel\u00f8nninger for dagen.&nbsp;<\/p>\n\n\n\n<p>Alle bonuser er underlagt omsetningskrav og kvalifikasjonskriterier som beskrevet i v\u00e5re vilk\u00e5r og betingelser.<\/p>\n","protected":false},"excerpt":{"rendered":"<p>Hvem elsker vel ikke tilbud? Spesielt n\u00e5r det gir ekstra fordeler til favorittcasinospillene dine! Vel, PlayKasino tilbyr en helt ny, stadig skiftende liste med daglige valg og tilbud hver dag, tilpasset bare for deg!&nbsp; Hva er daglige valg? Dette er tilpassede kampanjer, tilbud, bel\u00f8nninger og arrangementer som tilbys spillere p\u00e5 den aktuelle dagen. De endres [&hellip;]<\/p>\n","protected":false},"author":1,"featured_media":0,"parent":0,"menu_order":0,"comment_status":"closed","ping_status":"closed","template":"content-default.php","meta":{"footnotes":""},"class_list":["post-141","page","type-page","status-publish","hentry"],"yoast_head":"<!-- This site is optimized with the Yoast SEO plugin v26.1.1 - https:\/\/yoast.com\/wordpress\/plugins\/seo\/ -->\n<title>Daily Picks - Offers for the day<\/title>\n<meta name=\"description\" content=\"A new pick every day for you - check out the daily pick offers available at PlayKasino.\" \/>\n<meta name=\"robots\" content=\"index, follow, max-snippet:-1, max-image-preview:large, max-video-preview:-1\" \/>\n<link rel=\"canonical\" href=\"https:\/\/www.playkasino.com\/nb-no\/daglige-valg\/\" \/>\n<meta property=\"og:locale\" content=\"nb_NO\" \/>\n<meta property=\"og:type\" content=\"article\" \/>\n<meta property=\"og:title\" content=\"Daily Picks - Offers for the day\" \/>\n<meta property=\"og:description\" content=\"A new pick every day for you - check out the daily pick offers available at PlayKasino.\" \/>\n<meta property=\"og:url\" content=\"https:\/\/www.playkasino.com\/nb-no\/daglige-valg\/\" \/>\n<meta property=\"og:site_name\" content=\"PlayKasino Norwegian\" \/>\n<meta property=\"article:modified_time\" content=\"2025-10-30T14:25:41+00:00\" \/>\n<meta name=\"twitter:card\" content=\"summary_large_image\" \/>\n<meta name=\"twitter:label1\" content=\"Ansl. lesetid\" \/>\n\t<meta name=\"twitter:data1\" content=\"2 minutter\" \/>\n<script type=\"application\/ld+json\" class=\"yoast-schema-graph\">{\"@context\":\"https:\/\/schema.org\",\"@graph\":[{\"@type\":\"WebPage\",\"@id\":\"https:\/\/www.playkasino.com\/nb-no\/daglige-valg\/\",\"url\":\"https:\/\/www.playkasino.com\/nb-no\/daglige-valg\/\",\"name\":\"Daily Picks - Offers for the day\",\"isPartOf\":{\"@id\":\"https:\/\/www.playkasino.com\/nb-no\/#website\"},\"datePublished\":\"2025-10-13T10:46:25+00:00\",\"dateModified\":\"2025-10-30T14:25:41+00:00\",\"description\":\"A new pick every day for you - check out the daily pick offers available at PlayKasino.\",\"breadcrumb\":{\"@id\":\"https:\/\/www.playkasino.com\/nb-no\/daglige-valg\/#breadcrumb\"},\"inLanguage\":\"nb-NO\",\"potentialAction\":[{\"@type\":\"ReadAction\",\"target\":[\"https:\/\/www.playkasino.com\/nb-no\/daglige-valg\/\"]}]},{\"@type\":\"BreadcrumbList\",\"@id\":\"https:\/\/www.playkasino.com\/nb-no\/daglige-valg\/#breadcrumb\",\"itemListElement\":[{\"@type\":\"ListItem\",\"position\":1,\"name\":\"Hjem\",\"item\":\"https:\/\/www.playkasino.com\/nb-no\/\"},{\"@type\":\"ListItem\",\"position\":2,\"name\":\"Daglige valg \u2013 et nytt tilbud hver dag\"}]},{\"@type\":\"WebSite\",\"@id\":\"https:\/\/www.playkasino.com\/nb-no\/#website\",\"url\":\"https:\/\/www.playkasino.com\/nb-no\/\",\"name\":\"PlayKasino Norwegian\",\"description\":\"\",\"potentialAction\":[{\"@type\":\"SearchAction\",\"target\":{\"@type\":\"EntryPoint\",\"urlTemplate\":\"https:\/\/www.playkasino.com\/nb-no\/?s={search_term_string}\"},\"query-input\":{\"@type\":\"PropertyValueSpecification\",\"valueRequired\":true,\"valueName\":\"search_term_string\"}}],\"inLanguage\":\"nb-NO\"}]}<\/script>\n<!-- \/ Yoast SEO plugin. -->","yoast_head_json":{"title":"Daily Picks - Offers for the day","description":"A new pick every day for you - check out the daily pick offers available at PlayKasino.","robots":{"index":"index","follow":"follow","max-snippet":"max-snippet:-1","max-image-preview":"max-image-preview:large","max-video-preview":"max-video-preview:-1"},"canonical":"https:\/\/www.playkasino.com\/nb-no\/daglige-valg\/","og_locale":"nb_NO","og_type":"article","og_title":"Daily Picks - Offers for the day","og_description":"A new pick every day for you - check out the daily pick offers available at PlayKasino.","og_url":"https:\/\/www.playkasino.com\/nb-no\/daglige-valg\/","og_site_name":"PlayKasino Norwegian","article_modified_time":"2025-10-30T14:25:41+00:00","twitter_card":"summary_large_image","twitter_misc":{"Ansl. lesetid":"2 minutter"},"schema":{"@context":"https:\/\/schema.org","@graph":[{"@type":"WebPage","@id":"https:\/\/www.playkasino.com\/nb-no\/daglige-valg\/","url":"https:\/\/www.playkasino.com\/nb-no\/daglige-valg\/","name":"Daily Picks - Offers for the day","isPartOf":{"@id":"https:\/\/www.playkasino.com\/nb-no\/#website"},"datePublished":"2025-10-13T10:46:25+00:00","dateModified":"2025-10-30T14:25:41+00:00","description":"A new pick every day for you - check out the daily pick offers available at PlayKasino.","breadcrumb":{"@id":"https:\/\/www.playkasino.com\/nb-no\/daglige-valg\/#breadcrumb"},"inLanguage":"nb-NO","potentialAction":[{"@type":"ReadAction","target":["https:\/\/www.playkasino.com\/nb-no\/daglige-valg\/"]}]},{"@type":"BreadcrumbList","@id":"https:\/\/www.playkasino.com\/nb-no\/daglige-valg\/#breadcrumb","itemListElement":[{"@type":"ListItem","position":1,"name":"Hjem","item":"https:\/\/www.playkasino.com\/nb-no\/"},{"@type":"ListItem","position":2,"name":"Daglige valg \u2013 et nytt tilbud hver dag"}]},{"@type":"WebSite","@id":"https:\/\/www.playkasino.com\/nb-no\/#website","url":"https:\/\/www.playkasino.com\/nb-no\/","name":"PlayKasino Norwegian","description":"","potentialAction":[{"@type":"SearchAction","target":{"@type":"EntryPoint","urlTemplate":"https:\/\/www.playkasino.com\/nb-no\/?s={search_term_string}"},"query-input":{"@type":"PropertyValueSpecification","valueRequired":true,"valueName":"search_term_string"}}],"inLanguage":"nb-NO"}]}},"_links":{"self":[{"href":"https:\/\/www.playkasino.com\/nb-no\/wp-json\/wp\/v2\/pages\/141","targetHints":{"allow":["GET"]}}],"collection":[{"href":"https:\/\/www.playkasino.com\/nb-no\/wp-json\/wp\/v2\/pages"}],"about":[{"href":"https:\/\/www.playkasino.com\/nb-no\/wp-json\/wp\/v2\/types\/page"}],"author":[{"embeddable":true,"href":"https:\/\/www.playkasino.com\/nb-no\/wp-json\/wp\/v2\/users\/1"}],"replies":[{"embeddable":true,"href":"https:\/\/www.playkasino.com\/nb-no\/wp-json\/wp\/v2\/comments?post=141"}],"version-history":[{"count":2,"href":"https:\/\/www.playkasino.com\/nb-no\/wp-json\/wp\/v2\/pages\/141\/revisions"}],"predecessor-version":[{"id":273,"href":"https:\/\/www.playkasino.com\/nb-no\/wp-json\/wp\/v2\/pages\/141\/revisions\/273"}],"wp:attachment":[{"href":"https:\/\/www.playkasino.com\/nb-no\/wp-json\/wp\/v2\/media?parent=141"}],"curies":[{"name":"wp","href":"https:\/\/api.w.org\/{rel}","templated":true}]}}