{"id":142,"date":"2025-10-13T10:46:34","date_gmt":"2025-10-13T10:46:34","guid":{"rendered":"https:\/\/www.playkasino.com\/?page_id=142"},"modified":"2025-10-30T14:39:56","modified_gmt":"2025-10-30T14:39:56","slug":"velkomsttilbud","status":"publish","type":"page","link":"https:\/\/www.playkasino.com\/nb-no\/velkomsttilbud\/","title":{"rendered":"PlayKasinos velkomstbonus"},"content":{"rendered":"\n<p>I det \u00f8yeblikket du blir medlem hos PlayKasino, gir vi deg en gavekurv med velkomstbonuser og kampanjetilbud som en gest av takknemlighet for at du valgte oss.&nbsp;<\/p>\n\n\n\n<p>Disse tilbudene og kampanjene kan gi deg en kickstart p\u00e5 spillreisen din, slik at du kan komme i gang med kasinospillene vi tilbyr hos PlayKasino.&nbsp;<\/p>\n\n\n\n<p>For \u00e5 f\u00e5 tilgang til disse velkomstbonusene og kampanjetilbudene, m\u00e5 du f\u00f8rst registrere deg og opprette en spillerkonto hos oss. Det tar bare noen f\u00e5 minutter.&nbsp;<\/p>\n\n\n\n<p>Er du klar til \u00e5 utl\u00f8se velkomstbonusen? Registrer deg og opprett en konto hos PlayKasino for \u00e5 f\u00e5 tak i v\u00e5re spennende velkomstbonuser og kampanjetilbud!<\/p>\n\n\n\n<p>Alle bonuser er underlagt omsetningskrav og kvalifikasjonskriterier som beskrevet i v\u00e5re vilk\u00e5r og betingelser.<\/p>\n\n\n\n<a href=\"openAuth();void(0);\"> \t<p style=\"color:#000\" class=\"play-now\">\n\t\t\tSpill n\u00e5\n\t\t<\/p><\/a>\n","protected":false},"excerpt":{"rendered":"<p>I det \u00f8yeblikket du blir medlem hos PlayKasino, gir vi deg en gavekurv med velkomstbonuser og kampanjetilbud som en gest av takknemlighet for at du valgte oss.&nbsp; Disse tilbudene og kampanjene kan gi deg en kickstart p\u00e5 spillreisen din, slik at du kan komme i gang med kasinospillene vi tilbyr hos PlayKasino.&nbsp; For \u00e5 f\u00e5 [&hellip;]<\/p>\n","protected":false},"author":1,"featured_media":0,"parent":0,"menu_order":0,"comment_status":"closed","ping_status":"closed","template":"content-default.php","meta":{"footnotes":""},"class_list":["post-142","page","type-page","status-publish","hentry"],"yoast_head":"<!-- This site is optimized with the Yoast SEO plugin v26.1.1 - https:\/\/yoast.com\/wordpress\/plugins\/seo\/ -->\n<title>Welcome Bonus at PlayKasino<\/title>\n<meta name=\"description\" content=\"Check out what is the welcome bonus offered at PlayKasino and claim it here in this page.\" \/>\n<meta name=\"robots\" content=\"index, follow, max-snippet:-1, max-image-preview:large, max-video-preview:-1\" \/>\n<link rel=\"canonical\" href=\"https:\/\/www.playkasino.com\/nb-no\/velkomsttilbud\/\" \/>\n<meta property=\"og:locale\" content=\"nb_NO\" \/>\n<meta property=\"og:type\" content=\"article\" \/>\n<meta property=\"og:title\" content=\"Welcome Bonus at PlayKasino\" \/>\n<meta property=\"og:description\" content=\"Check out what is the welcome bonus offered at PlayKasino and claim it here in this page.\" \/>\n<meta property=\"og:url\" content=\"https:\/\/www.playkasino.com\/nb-no\/velkomsttilbud\/\" \/>\n<meta property=\"og:site_name\" content=\"PlayKasino Norwegian\" \/>\n<meta property=\"article:modified_time\" content=\"2025-10-30T14:39:56+00:00\" \/>\n<meta name=\"twitter:card\" content=\"summary_large_image\" \/>\n<meta name=\"twitter:label1\" content=\"Ansl. lesetid\" \/>\n\t<meta name=\"twitter:data1\" content=\"1 minutt\" \/>\n<script type=\"application\/ld+json\" class=\"yoast-schema-graph\">{\"@context\":\"https:\/\/schema.org\",\"@graph\":[{\"@type\":\"WebPage\",\"@id\":\"https:\/\/www.playkasino.com\/nb-no\/velkomsttilbud\/\",\"url\":\"https:\/\/www.playkasino.com\/nb-no\/velkomsttilbud\/\",\"name\":\"Welcome Bonus at PlayKasino\",\"isPartOf\":{\"@id\":\"https:\/\/www.playkasino.com\/nb-no\/#website\"},\"datePublished\":\"2025-10-13T10:46:34+00:00\",\"dateModified\":\"2025-10-30T14:39:56+00:00\",\"description\":\"Check out what is the welcome bonus offered at PlayKasino and claim it here in this page.\",\"breadcrumb\":{\"@id\":\"https:\/\/www.playkasino.com\/nb-no\/velkomsttilbud\/#breadcrumb\"},\"inLanguage\":\"nb-NO\",\"potentialAction\":[{\"@type\":\"ReadAction\",\"target\":[\"https:\/\/www.playkasino.com\/nb-no\/velkomsttilbud\/\"]}]},{\"@type\":\"BreadcrumbList\",\"@id\":\"https:\/\/www.playkasino.com\/nb-no\/velkomsttilbud\/#breadcrumb\",\"itemListElement\":[{\"@type\":\"ListItem\",\"position\":1,\"name\":\"Hjem\",\"item\":\"https:\/\/www.playkasino.com\/nb-no\/\"},{\"@type\":\"ListItem\",\"position\":2,\"name\":\"PlayKasinos velkomstbonus\"}]},{\"@type\":\"WebSite\",\"@id\":\"https:\/\/www.playkasino.com\/nb-no\/#website\",\"url\":\"https:\/\/www.playkasino.com\/nb-no\/\",\"name\":\"PlayKasino Norwegian\",\"description\":\"\",\"potentialAction\":[{\"@type\":\"SearchAction\",\"target\":{\"@type\":\"EntryPoint\",\"urlTemplate\":\"https:\/\/www.playkasino.com\/nb-no\/?s={search_term_string}\"},\"query-input\":{\"@type\":\"PropertyValueSpecification\",\"valueRequired\":true,\"valueName\":\"search_term_string\"}}],\"inLanguage\":\"nb-NO\"}]}<\/script>\n<!-- \/ Yoast SEO plugin. -->","yoast_head_json":{"title":"Welcome Bonus at PlayKasino","description":"Check out what is the welcome bonus offered at PlayKasino and claim it here in this page.","robots":{"index":"index","follow":"follow","max-snippet":"max-snippet:-1","max-image-preview":"max-image-preview:large","max-video-preview":"max-video-preview:-1"},"canonical":"https:\/\/www.playkasino.com\/nb-no\/velkomsttilbud\/","og_locale":"nb_NO","og_type":"article","og_title":"Welcome Bonus at PlayKasino","og_description":"Check out what is the welcome bonus offered at PlayKasino and claim it here in this page.","og_url":"https:\/\/www.playkasino.com\/nb-no\/velkomsttilbud\/","og_site_name":"PlayKasino Norwegian","article_modified_time":"2025-10-30T14:39:56+00:00","twitter_card":"summary_large_image","twitter_misc":{"Ansl. lesetid":"1 minutt"},"schema":{"@context":"https:\/\/schema.org","@graph":[{"@type":"WebPage","@id":"https:\/\/www.playkasino.com\/nb-no\/velkomsttilbud\/","url":"https:\/\/www.playkasino.com\/nb-no\/velkomsttilbud\/","name":"Welcome Bonus at PlayKasino","isPartOf":{"@id":"https:\/\/www.playkasino.com\/nb-no\/#website"},"datePublished":"2025-10-13T10:46:34+00:00","dateModified":"2025-10-30T14:39:56+00:00","description":"Check out what is the welcome bonus offered at PlayKasino and claim it here in this page.","breadcrumb":{"@id":"https:\/\/www.playkasino.com\/nb-no\/velkomsttilbud\/#breadcrumb"},"inLanguage":"nb-NO","potentialAction":[{"@type":"ReadAction","target":["https:\/\/www.playkasino.com\/nb-no\/velkomsttilbud\/"]}]},{"@type":"BreadcrumbList","@id":"https:\/\/www.playkasino.com\/nb-no\/velkomsttilbud\/#breadcrumb","itemListElement":[{"@type":"ListItem","position":1,"name":"Hjem","item":"https:\/\/www.playkasino.com\/nb-no\/"},{"@type":"ListItem","position":2,"name":"PlayKasinos velkomstbonus"}]},{"@type":"WebSite","@id":"https:\/\/www.playkasino.com\/nb-no\/#website","url":"https:\/\/www.playkasino.com\/nb-no\/","name":"PlayKasino Norwegian","description":"","potentialAction":[{"@type":"SearchAction","target":{"@type":"EntryPoint","urlTemplate":"https:\/\/www.playkasino.com\/nb-no\/?s={search_term_string}"},"query-input":{"@type":"PropertyValueSpecification","valueRequired":true,"valueName":"search_term_string"}}],"inLanguage":"nb-NO"}]}},"_links":{"self":[{"href":"https:\/\/www.playkasino.com\/nb-no\/wp-json\/wp\/v2\/pages\/142","targetHints":{"allow":["GET"]}}],"collection":[{"href":"https:\/\/www.playkasino.com\/nb-no\/wp-json\/wp\/v2\/pages"}],"about":[{"href":"https:\/\/www.playkasino.com\/nb-no\/wp-json\/wp\/v2\/types\/page"}],"author":[{"embeddable":true,"href":"https:\/\/www.playkasino.com\/nb-no\/wp-json\/wp\/v2\/users\/1"}],"replies":[{"embeddable":true,"href":"https:\/\/www.playkasino.com\/nb-no\/wp-json\/wp\/v2\/comments?post=142"}],"version-history":[{"count":2,"href":"https:\/\/www.playkasino.com\/nb-no\/wp-json\/wp\/v2\/pages\/142\/revisions"}],"predecessor-version":[{"id":275,"href":"https:\/\/www.playkasino.com\/nb-no\/wp-json\/wp\/v2\/pages\/142\/revisions\/275"}],"wp:attachment":[{"href":"https:\/\/www.playkasino.com\/nb-no\/wp-json\/wp\/v2\/media?parent=142"}],"curies":[{"name":"wp","href":"https:\/\/api.w.org\/{rel}","templated":true}]}}