{"id":159,"date":"2025-10-13T10:48:33","date_gmt":"2025-10-13T10:48:33","guid":{"rendered":"https:\/\/www.playkasino.com\/?page_id=159"},"modified":"2025-11-19T11:29:51","modified_gmt":"2025-11-19T11:29:51","slug":"kontakt-oss","status":"publish","type":"page","link":"https:\/\/www.playkasino.com\/nb-no\/kontakt-oss\/","title":{"rendered":"Kontakt oss"},"content":{"rendered":"\n\n\n<p>Du kan sende eventuelle sp\u00f8rsm\u00e5l eller problemer du m\u00e5tte ha til: <a href=\"support@playkasino.com\"><b>support@playkasino.com<\/b><\/a><\/p>\n\n\n\n<p>V\u00e5rt supportteam venter p\u00e5 \u00e5 hjelpe deg, slik at opplevelsen din hos Swift blir s\u00e5 hyggelig og problemfri som mulig.<\/p>\n\n\n\n<p>V\u00e6r oppmerksom p\u00e5 at support p\u00e5 forskjellige spr\u00e5k ikke alltid vil v\u00e6re tilgjengelig d\u00f8gnet rundt.<\/p>\n\n\n\n<p>Vi anbefaler at du skriver foresp\u00f8rselen din p\u00e5 engelsk, hvis du kan, for \u00e5 motta et umiddelbart svar.<\/p>\n","protected":false},"excerpt":{"rendered":"<p>Du kan sende eventuelle sp\u00f8rsm\u00e5l eller problemer du m\u00e5tte ha til: support@playkasino.com V\u00e5rt supportteam venter p\u00e5 \u00e5 hjelpe deg, slik at opplevelsen din hos Swift blir s\u00e5 hyggelig og problemfri som mulig. V\u00e6r oppmerksom p\u00e5 at support p\u00e5 forskjellige spr\u00e5k ikke alltid vil v\u00e6re tilgjengelig d\u00f8gnet rundt. Vi anbefaler at du skriver foresp\u00f8rselen din p\u00e5 [&hellip;]<\/p>\n","protected":false},"author":1,"featured_media":0,"parent":0,"menu_order":0,"comment_status":"closed","ping_status":"closed","template":"content-default.php","meta":{"footnotes":""},"class_list":["post-159","page","type-page","status-publish","hentry"],"yoast_head":"<!-- This site is optimized with the Yoast SEO plugin v26.1.1 - https:\/\/yoast.com\/wordpress\/plugins\/seo\/ -->\n<title>Kontakt oss | f\u00e5 en 100% bonusopp til 100+50 gratisspins<\/title>\n<meta name=\"robots\" content=\"index, follow, max-snippet:-1, max-image-preview:large, max-video-preview:-1\" \/>\n<link rel=\"canonical\" href=\"https:\/\/www.playkasino.com\/nb-no\/kontakt-oss\/\" \/>\n<meta property=\"og:locale\" content=\"nb_NO\" \/>\n<meta property=\"og:type\" content=\"article\" \/>\n<meta property=\"og:title\" content=\"Kontakt oss | f\u00e5 en 100% bonusopp til 100+50 gratisspins\" \/>\n<meta property=\"og:description\" content=\"Du kan sende eventuelle sp\u00f8rsm\u00e5l eller problemer du m\u00e5tte ha til: support@playkasino.com V\u00e5rt supportteam venter p\u00e5 \u00e5 hjelpe deg, slik at opplevelsen din hos Swift blir s\u00e5 hyggelig og problemfri som mulig. V\u00e6r oppmerksom p\u00e5 at support p\u00e5 forskjellige spr\u00e5k ikke alltid vil v\u00e6re tilgjengelig d\u00f8gnet rundt. Vi anbefaler at du skriver foresp\u00f8rselen din p\u00e5 [&hellip;]\" \/>\n<meta property=\"og:url\" content=\"https:\/\/www.playkasino.com\/nb-no\/kontakt-oss\/\" \/>\n<meta property=\"og:site_name\" content=\"PlayKasino Norwegian\" \/>\n<meta property=\"article:modified_time\" content=\"2025-11-19T11:29:51+00:00\" \/>\n<meta name=\"twitter:card\" content=\"summary_large_image\" \/>\n<meta name=\"twitter:label1\" content=\"Ansl. lesetid\" \/>\n\t<meta name=\"twitter:data1\" content=\"1 minutt\" \/>\n<script type=\"application\/ld+json\" class=\"yoast-schema-graph\">{\"@context\":\"https:\/\/schema.org\",\"@graph\":[{\"@type\":\"WebPage\",\"@id\":\"https:\/\/www.playkasino.com\/nb-no\/kontakt-oss\/\",\"url\":\"https:\/\/www.playkasino.com\/nb-no\/kontakt-oss\/\",\"name\":\"Kontakt oss | f\u00e5 en 100% bonusopp til 100+50 gratisspins\",\"isPartOf\":{\"@id\":\"https:\/\/www.playkasino.com\/nb-no\/#website\"},\"datePublished\":\"2025-10-13T10:48:33+00:00\",\"dateModified\":\"2025-11-19T11:29:51+00:00\",\"breadcrumb\":{\"@id\":\"https:\/\/www.playkasino.com\/nb-no\/kontakt-oss\/#breadcrumb\"},\"inLanguage\":\"nb-NO\",\"potentialAction\":[{\"@type\":\"ReadAction\",\"target\":[\"https:\/\/www.playkasino.com\/nb-no\/kontakt-oss\/\"]}]},{\"@type\":\"BreadcrumbList\",\"@id\":\"https:\/\/www.playkasino.com\/nb-no\/kontakt-oss\/#breadcrumb\",\"itemListElement\":[{\"@type\":\"ListItem\",\"position\":1,\"name\":\"Hjem\",\"item\":\"https:\/\/www.playkasino.com\/nb-no\/\"},{\"@type\":\"ListItem\",\"position\":2,\"name\":\"Kontakt oss\"}]},{\"@type\":\"WebSite\",\"@id\":\"https:\/\/www.playkasino.com\/nb-no\/#website\",\"url\":\"https:\/\/www.playkasino.com\/nb-no\/\",\"name\":\"PlayKasino Norwegian\",\"description\":\"\",\"potentialAction\":[{\"@type\":\"SearchAction\",\"target\":{\"@type\":\"EntryPoint\",\"urlTemplate\":\"https:\/\/www.playkasino.com\/nb-no\/?s={search_term_string}\"},\"query-input\":{\"@type\":\"PropertyValueSpecification\",\"valueRequired\":true,\"valueName\":\"search_term_string\"}}],\"inLanguage\":\"nb-NO\"}]}<\/script>\n<!-- \/ Yoast SEO plugin. -->","yoast_head_json":{"title":"Kontakt oss | f\u00e5 en 100% bonusopp til 100+50 gratisspins","robots":{"index":"index","follow":"follow","max-snippet":"max-snippet:-1","max-image-preview":"max-image-preview:large","max-video-preview":"max-video-preview:-1"},"canonical":"https:\/\/www.playkasino.com\/nb-no\/kontakt-oss\/","og_locale":"nb_NO","og_type":"article","og_title":"Kontakt oss | f\u00e5 en 100% bonusopp til 100+50 gratisspins","og_description":"Du kan sende eventuelle sp\u00f8rsm\u00e5l eller problemer du m\u00e5tte ha til: support@playkasino.com V\u00e5rt supportteam venter p\u00e5 \u00e5 hjelpe deg, slik at opplevelsen din hos Swift blir s\u00e5 hyggelig og problemfri som mulig. V\u00e6r oppmerksom p\u00e5 at support p\u00e5 forskjellige spr\u00e5k ikke alltid vil v\u00e6re tilgjengelig d\u00f8gnet rundt. Vi anbefaler at du skriver foresp\u00f8rselen din p\u00e5 [&hellip;]","og_url":"https:\/\/www.playkasino.com\/nb-no\/kontakt-oss\/","og_site_name":"PlayKasino Norwegian","article_modified_time":"2025-11-19T11:29:51+00:00","twitter_card":"summary_large_image","twitter_misc":{"Ansl. lesetid":"1 minutt"},"schema":{"@context":"https:\/\/schema.org","@graph":[{"@type":"WebPage","@id":"https:\/\/www.playkasino.com\/nb-no\/kontakt-oss\/","url":"https:\/\/www.playkasino.com\/nb-no\/kontakt-oss\/","name":"Kontakt oss | f\u00e5 en 100% bonusopp til 100+50 gratisspins","isPartOf":{"@id":"https:\/\/www.playkasino.com\/nb-no\/#website"},"datePublished":"2025-10-13T10:48:33+00:00","dateModified":"2025-11-19T11:29:51+00:00","breadcrumb":{"@id":"https:\/\/www.playkasino.com\/nb-no\/kontakt-oss\/#breadcrumb"},"inLanguage":"nb-NO","potentialAction":[{"@type":"ReadAction","target":["https:\/\/www.playkasino.com\/nb-no\/kontakt-oss\/"]}]},{"@type":"BreadcrumbList","@id":"https:\/\/www.playkasino.com\/nb-no\/kontakt-oss\/#breadcrumb","itemListElement":[{"@type":"ListItem","position":1,"name":"Hjem","item":"https:\/\/www.playkasino.com\/nb-no\/"},{"@type":"ListItem","position":2,"name":"Kontakt oss"}]},{"@type":"WebSite","@id":"https:\/\/www.playkasino.com\/nb-no\/#website","url":"https:\/\/www.playkasino.com\/nb-no\/","name":"PlayKasino Norwegian","description":"","potentialAction":[{"@type":"SearchAction","target":{"@type":"EntryPoint","urlTemplate":"https:\/\/www.playkasino.com\/nb-no\/?s={search_term_string}"},"query-input":{"@type":"PropertyValueSpecification","valueRequired":true,"valueName":"search_term_string"}}],"inLanguage":"nb-NO"}]}},"_links":{"self":[{"href":"https:\/\/www.playkasino.com\/nb-no\/wp-json\/wp\/v2\/pages\/159","targetHints":{"allow":["GET"]}}],"collection":[{"href":"https:\/\/www.playkasino.com\/nb-no\/wp-json\/wp\/v2\/pages"}],"about":[{"href":"https:\/\/www.playkasino.com\/nb-no\/wp-json\/wp\/v2\/types\/page"}],"author":[{"embeddable":true,"href":"https:\/\/www.playkasino.com\/nb-no\/wp-json\/wp\/v2\/users\/1"}],"replies":[{"embeddable":true,"href":"https:\/\/www.playkasino.com\/nb-no\/wp-json\/wp\/v2\/comments?post=159"}],"version-history":[{"count":3,"href":"https:\/\/www.playkasino.com\/nb-no\/wp-json\/wp\/v2\/pages\/159\/revisions"}],"predecessor-version":[{"id":290,"href":"https:\/\/www.playkasino.com\/nb-no\/wp-json\/wp\/v2\/pages\/159\/revisions\/290"}],"wp:attachment":[{"href":"https:\/\/www.playkasino.com\/nb-no\/wp-json\/wp\/v2\/media?parent=159"}],"curies":[{"name":"wp","href":"https:\/\/api.w.org\/{rel}","templated":true}]}}