{"id":283,"date":"2025-11-12T15:22:31","date_gmt":"2025-11-12T15:22:31","guid":{"rendered":"https:\/\/www.playkasino.com\/nb-no\/?page_id=283"},"modified":"2025-11-12T15:29:02","modified_gmt":"2025-11-12T15:29:02","slug":"uploading-documents","status":"publish","type":"page","link":"https:\/\/www.playkasino.com\/nb-no\/uploading-documents\/","title":{"rendered":"Uploading Documents"},"content":{"rendered":"\n<p>Retningslinje for verifiseringsdokumenter<\/p>\n\n\n\n<p>I l\u00f8pet av din tid som kunde m\u00e5 du laste opp dokumenter for \u00e5 bekrefte din identitet, adresse og betalingsmetoden du brukte.<\/p>\n\n\n\n<p>Vi anbefaler p\u00e5 det sterkeste at du laster opp disse dokumentene s\u00e5 snart som mulig, slik at spillopplevelsen ikke blir avbrutt.<\/p>\n\n\n\n<p>Dette trenger vi fra deg:<\/p>\n\n\n\n<p><strong>Legitimasjon<\/strong><\/p>\n\n\n\n<figure class=\"wp-block-image\"><img decoding=\"async\" src=\"https:\/\/www.playkasino.com\/wp-content\/uploads\/2025\/11\/proof-of-ID.png\" alt=\"ID proof\"\/><\/figure>\n\n\n\n<p>Godkjente dokumenter inkluderer:<\/p>\n\n\n\n<p><strong>Pass<\/strong><\/p>\n\n\n\n<p><strong>F\u00f8rerkort<\/strong><\/p>\n\n\n\n<p><strong>ID-kort<\/strong>\u00a0(utstedt av myndigheter)<\/p>\n\n\n\n<p>Din ID-dokumentasjon m\u00e5:<\/p>\n\n\n\n<ul class=\"wp-block-list\">\n<li>V\u00e6re i farger<\/li>\n\n\n\n<li>V\u00e6re gyldig<\/li>\n\n\n\n<li>Ha et tydelig bilde<\/li>\n\n\n\n<li>Ha en signatur<\/li>\n\n\n\n<li>Ha alle kanter intakte<\/li>\n<\/ul>\n\n\n\n<p><strong>Adressebevis<\/strong><\/p>\n\n\n\n<figure class=\"wp-block-image\"><img decoding=\"async\" src=\"https:\/\/www.playkasino.com\/wp-content\/uploads\/2025\/11\/proof-of-address.png\" alt=\"ID Address\"\/><\/figure>\n\n\n\n<p>Godkjente dokumenter inkluderer:<\/p>\n\n\n\n<p><strong>Vann- eller str\u00f8mregning<\/strong><\/p>\n\n\n\n<p><strong>Alternativt en kontoutskrift<\/strong><\/p>\n\n\n\n<p>Din adressedokumentasjon m\u00e5:<\/p>\n\n\n\n<ul class=\"wp-block-list\">\n<li>V\u00e6re i farger<\/li>\n\n\n\n<li>V\u00e6re utstedt i ditt navn<\/li>\n\n\n\n<li>Inkludere adressen din<\/li>\n\n\n\n<li>Ha blitt utstedt i l\u00f8pet av de tre siste m\u00e5nedene<\/li>\n\n\n\n<li>\u00a0Vise logo for selskapet\/banken<\/li>\n<\/ul>\n\n\n\n<p><strong>Bankkort<\/strong><\/p>\n\n\n\n<figure class=\"wp-block-image\"><img decoding=\"async\" src=\"https:\/\/www.playkasino.com\/wp-content\/uploads\/2025\/11\/copy-of-bank-card.png\" alt=\"Copy Bank Card\"\/><\/figure>\n\n\n\n<p>Hvis du velger \u00e5 gj\u00f8re et innskudd med et bankkort, vil vi kreve en kopi av kortet. Dette trinnet er bare n\u00f8dvendig \u00e9n gang per bankkort som brukes. Hvis du fortsetter \u00e5 bruke det n\u00f8yaktig samme kortet, trenger du ikke \u00e5 fullf\u00f8re dette trinnet igjen.<\/p>\n\n\n\n<p>Vennligst send inn f\u00f8lgende:<\/p>\n\n\n\n<p>Forsiden av kortet<\/p>\n\n\n\n<ul class=\"wp-block-list\">\n<li>M\u00e5 v\u00e6re i farger<\/li>\n\n\n\n<li>\u00a0Kun de fire f\u00f8rste og de fire siste sifrene av kortnummeret skal v\u00e6re synlige<\/li>\n\n\n\n<li>Dekk til de 8 midterste sifrene i kortnummeret<\/li>\n\n\n\n<li>Ha alle kanter intakte<\/li>\n<\/ul>\n\n\n\n<p>\u00c5 sende inn dokumentene er en enkel prosess, og du trenger bare \u00e5 gj\u00f8re det \u00e9n gang. Bare last dem opp via kasse-delen n\u00e5r du logger p\u00e5. Ytterligere dokumentopplasting kreves bare hvis du har brukt et nytt bankkort, en ny betalingsm\u00e5te eller endret personlig informasjon (f.eks. adresse, navn osv.).<\/p>\n\n\n\n<p>Vi kontrollerer dokumentene s\u00e5 raskt som mulig, normalt innen 12 timer. Det kan ta noe lenger tid dersom det er n\u00f8dvendig med ekstra verifisering. Kontakt kundesupport dersom du ikke har h\u00f8rt fra oss innen 48 timer.<\/p>\n","protected":false},"excerpt":{"rendered":"<p>Retningslinje for verifiseringsdokumenter I l\u00f8pet av din tid som kunde m\u00e5 du laste opp dokumenter for \u00e5 bekrefte din identitet, adresse og betalingsmetoden du brukte. Vi anbefaler p\u00e5 det sterkeste at du laster opp disse dokumentene s\u00e5 snart som mulig, slik at spillopplevelsen ikke blir avbrutt. Dette trenger vi fra deg: Legitimasjon Godkjente dokumenter inkluderer: [&hellip;]<\/p>\n","protected":false},"author":1,"featured_media":0,"parent":0,"menu_order":0,"comment_status":"closed","ping_status":"closed","template":"content-default.php","meta":{"footnotes":""},"class_list":["post-283","page","type-page","status-publish","hentry"],"yoast_head":"<!-- This site is optimized with the Yoast SEO plugin v26.1.1 - https:\/\/yoast.com\/wordpress\/plugins\/seo\/ -->\n<title>Uploading Documents | f\u00e5 en 100% bonusopp til 100+50 gratisspins<\/title>\n<meta name=\"robots\" content=\"index, follow, max-snippet:-1, max-image-preview:large, max-video-preview:-1\" \/>\n<link rel=\"canonical\" href=\"https:\/\/www.playkasino.com\/nb-no\/uploading-documents\/\" \/>\n<meta property=\"og:locale\" content=\"nb_NO\" \/>\n<meta property=\"og:type\" content=\"article\" \/>\n<meta property=\"og:title\" content=\"Uploading Documents | f\u00e5 en 100% bonusopp til 100+50 gratisspins\" \/>\n<meta property=\"og:description\" content=\"Retningslinje for verifiseringsdokumenter I l\u00f8pet av din tid som kunde m\u00e5 du laste opp dokumenter for \u00e5 bekrefte din identitet, adresse og betalingsmetoden du brukte. Vi anbefaler p\u00e5 det sterkeste at du laster opp disse dokumentene s\u00e5 snart som mulig, slik at spillopplevelsen ikke blir avbrutt. Dette trenger vi fra deg: Legitimasjon Godkjente dokumenter inkluderer: [&hellip;]\" \/>\n<meta property=\"og:url\" content=\"https:\/\/www.playkasino.com\/nb-no\/uploading-documents\/\" \/>\n<meta property=\"og:site_name\" content=\"PlayKasino Norwegian\" \/>\n<meta property=\"article:modified_time\" content=\"2025-11-12T15:29:02+00:00\" \/>\n<meta property=\"og:image\" content=\"https:\/\/www.playkasino.com\/wp-content\/uploads\/2025\/11\/proof-of-ID.png\" \/>\n<meta name=\"twitter:card\" content=\"summary_large_image\" \/>\n<meta name=\"twitter:label1\" content=\"Ansl. lesetid\" \/>\n\t<meta name=\"twitter:data1\" content=\"3 minutter\" \/>\n<script type=\"application\/ld+json\" class=\"yoast-schema-graph\">{\"@context\":\"https:\/\/schema.org\",\"@graph\":[{\"@type\":\"WebPage\",\"@id\":\"https:\/\/www.playkasino.com\/nb-no\/uploading-documents\/\",\"url\":\"https:\/\/www.playkasino.com\/nb-no\/uploading-documents\/\",\"name\":\"Uploading Documents | f\u00e5 en 100% bonusopp til 100+50 gratisspins\",\"isPartOf\":{\"@id\":\"https:\/\/www.playkasino.com\/nb-no\/#website\"},\"primaryImageOfPage\":{\"@id\":\"https:\/\/www.playkasino.com\/nb-no\/uploading-documents\/#primaryimage\"},\"image\":{\"@id\":\"https:\/\/www.playkasino.com\/nb-no\/uploading-documents\/#primaryimage\"},\"thumbnailUrl\":\"https:\/\/www.playkasino.com\/wp-content\/uploads\/2025\/11\/proof-of-ID.png\",\"datePublished\":\"2025-11-12T15:22:31+00:00\",\"dateModified\":\"2025-11-12T15:29:02+00:00\",\"breadcrumb\":{\"@id\":\"https:\/\/www.playkasino.com\/nb-no\/uploading-documents\/#breadcrumb\"},\"inLanguage\":\"nb-NO\",\"potentialAction\":[{\"@type\":\"ReadAction\",\"target\":[\"https:\/\/www.playkasino.com\/nb-no\/uploading-documents\/\"]}]},{\"@type\":\"ImageObject\",\"inLanguage\":\"nb-NO\",\"@id\":\"https:\/\/www.playkasino.com\/nb-no\/uploading-documents\/#primaryimage\",\"url\":\"https:\/\/www.playkasino.com\/wp-content\/uploads\/2025\/11\/proof-of-ID.png\",\"contentUrl\":\"https:\/\/www.playkasino.com\/wp-content\/uploads\/2025\/11\/proof-of-ID.png\"},{\"@type\":\"BreadcrumbList\",\"@id\":\"https:\/\/www.playkasino.com\/nb-no\/uploading-documents\/#breadcrumb\",\"itemListElement\":[{\"@type\":\"ListItem\",\"position\":1,\"name\":\"Hjem\",\"item\":\"https:\/\/www.playkasino.com\/nb-no\/\"},{\"@type\":\"ListItem\",\"position\":2,\"name\":\"Uploading Documents\"}]},{\"@type\":\"WebSite\",\"@id\":\"https:\/\/www.playkasino.com\/nb-no\/#website\",\"url\":\"https:\/\/www.playkasino.com\/nb-no\/\",\"name\":\"PlayKasino Norwegian\",\"description\":\"\",\"potentialAction\":[{\"@type\":\"SearchAction\",\"target\":{\"@type\":\"EntryPoint\",\"urlTemplate\":\"https:\/\/www.playkasino.com\/nb-no\/?s={search_term_string}\"},\"query-input\":{\"@type\":\"PropertyValueSpecification\",\"valueRequired\":true,\"valueName\":\"search_term_string\"}}],\"inLanguage\":\"nb-NO\"}]}<\/script>\n<!-- \/ Yoast SEO plugin. -->","yoast_head_json":{"title":"Uploading Documents | f\u00e5 en 100% bonusopp til 100+50 gratisspins","robots":{"index":"index","follow":"follow","max-snippet":"max-snippet:-1","max-image-preview":"max-image-preview:large","max-video-preview":"max-video-preview:-1"},"canonical":"https:\/\/www.playkasino.com\/nb-no\/uploading-documents\/","og_locale":"nb_NO","og_type":"article","og_title":"Uploading Documents | f\u00e5 en 100% bonusopp til 100+50 gratisspins","og_description":"Retningslinje for verifiseringsdokumenter I l\u00f8pet av din tid som kunde m\u00e5 du laste opp dokumenter for \u00e5 bekrefte din identitet, adresse og betalingsmetoden du brukte. Vi anbefaler p\u00e5 det sterkeste at du laster opp disse dokumentene s\u00e5 snart som mulig, slik at spillopplevelsen ikke blir avbrutt. Dette trenger vi fra deg: Legitimasjon Godkjente dokumenter inkluderer: [&hellip;]","og_url":"https:\/\/www.playkasino.com\/nb-no\/uploading-documents\/","og_site_name":"PlayKasino Norwegian","article_modified_time":"2025-11-12T15:29:02+00:00","og_image":[{"url":"https:\/\/www.playkasino.com\/wp-content\/uploads\/2025\/11\/proof-of-ID.png","type":"","width":"","height":""}],"twitter_card":"summary_large_image","twitter_misc":{"Ansl. lesetid":"3 minutter"},"schema":{"@context":"https:\/\/schema.org","@graph":[{"@type":"WebPage","@id":"https:\/\/www.playkasino.com\/nb-no\/uploading-documents\/","url":"https:\/\/www.playkasino.com\/nb-no\/uploading-documents\/","name":"Uploading Documents | f\u00e5 en 100% bonusopp til 100+50 gratisspins","isPartOf":{"@id":"https:\/\/www.playkasino.com\/nb-no\/#website"},"primaryImageOfPage":{"@id":"https:\/\/www.playkasino.com\/nb-no\/uploading-documents\/#primaryimage"},"image":{"@id":"https:\/\/www.playkasino.com\/nb-no\/uploading-documents\/#primaryimage"},"thumbnailUrl":"https:\/\/www.playkasino.com\/wp-content\/uploads\/2025\/11\/proof-of-ID.png","datePublished":"2025-11-12T15:22:31+00:00","dateModified":"2025-11-12T15:29:02+00:00","breadcrumb":{"@id":"https:\/\/www.playkasino.com\/nb-no\/uploading-documents\/#breadcrumb"},"inLanguage":"nb-NO","potentialAction":[{"@type":"ReadAction","target":["https:\/\/www.playkasino.com\/nb-no\/uploading-documents\/"]}]},{"@type":"ImageObject","inLanguage":"nb-NO","@id":"https:\/\/www.playkasino.com\/nb-no\/uploading-documents\/#primaryimage","url":"https:\/\/www.playkasino.com\/wp-content\/uploads\/2025\/11\/proof-of-ID.png","contentUrl":"https:\/\/www.playkasino.com\/wp-content\/uploads\/2025\/11\/proof-of-ID.png"},{"@type":"BreadcrumbList","@id":"https:\/\/www.playkasino.com\/nb-no\/uploading-documents\/#breadcrumb","itemListElement":[{"@type":"ListItem","position":1,"name":"Hjem","item":"https:\/\/www.playkasino.com\/nb-no\/"},{"@type":"ListItem","position":2,"name":"Uploading Documents"}]},{"@type":"WebSite","@id":"https:\/\/www.playkasino.com\/nb-no\/#website","url":"https:\/\/www.playkasino.com\/nb-no\/","name":"PlayKasino Norwegian","description":"","potentialAction":[{"@type":"SearchAction","target":{"@type":"EntryPoint","urlTemplate":"https:\/\/www.playkasino.com\/nb-no\/?s={search_term_string}"},"query-input":{"@type":"PropertyValueSpecification","valueRequired":true,"valueName":"search_term_string"}}],"inLanguage":"nb-NO"}]}},"_links":{"self":[{"href":"https:\/\/www.playkasino.com\/nb-no\/wp-json\/wp\/v2\/pages\/283","targetHints":{"allow":["GET"]}}],"collection":[{"href":"https:\/\/www.playkasino.com\/nb-no\/wp-json\/wp\/v2\/pages"}],"about":[{"href":"https:\/\/www.playkasino.com\/nb-no\/wp-json\/wp\/v2\/types\/page"}],"author":[{"embeddable":true,"href":"https:\/\/www.playkasino.com\/nb-no\/wp-json\/wp\/v2\/users\/1"}],"replies":[{"embeddable":true,"href":"https:\/\/www.playkasino.com\/nb-no\/wp-json\/wp\/v2\/comments?post=283"}],"version-history":[{"count":2,"href":"https:\/\/www.playkasino.com\/nb-no\/wp-json\/wp\/v2\/pages\/283\/revisions"}],"predecessor-version":[{"id":286,"href":"https:\/\/www.playkasino.com\/nb-no\/wp-json\/wp\/v2\/pages\/283\/revisions\/286"}],"wp:attachment":[{"href":"https:\/\/www.playkasino.com\/nb-no\/wp-json\/wp\/v2\/media?parent=283"}],"curies":[{"name":"wp","href":"https:\/\/api.w.org\/{rel}","templated":true}]}}