{"id":141,"date":"2025-10-13T10:46:25","date_gmt":"2025-10-13T10:46:25","guid":{"rendered":"https:\/\/www.playkasino.com\/?page_id=141"},"modified":"2025-10-30T14:22:27","modified_gmt":"2025-10-30T14:22:27","slug":"dagliga-val","status":"publish","type":"page","link":"https:\/\/www.playkasino.com\/sv-se\/dagliga-val\/","title":{"rendered":"Dagliga val \u2013 ett nytt erbjudande varje dag"},"content":{"rendered":"\n<p>Vem \u00e4lskar inte erbjudanden? Speciellt n\u00e4r de ger extra f\u00f6rm\u00e5ner till dina favoritcasinospel! PlayKasino erbjuder en helt ny, st\u00e4ndigt f\u00f6r\u00e4nderlig lista med dagliga val och erbjudanden varje dag, anpassade bara f\u00f6r dig!<\/p>\n\n\n\n<h2 class=\"wp-block-heading\">Vad \u00e4r dagliga val?<\/h2>\n\n\n\n<p>Det h\u00e4r \u00e4r anpassade kampanjer, erbjudanden, bel\u00f6ningar och evenemang som erbjuds spelare att ta del av just den dagen. De \u00e4ndras varje dag i veckan.&nbsp;<\/p>\n\n\n\n<p>Om du \u00e4r os\u00e4ker p\u00e5 var du ska b\u00f6rja kan du g\u00e5 igenom det h\u00e4r avsnittet och b\u00f6rja med ditt valda dagens erbjudande.&nbsp;<\/p>\n\n\n\n<h2 class=\"wp-block-heading\">Dagliga val p\u00e5 PlayKasino<\/h2>\n\n\n\n<p>PlayKasino f\u00f6rst\u00e5r att deras spelare har varierande intressen och spelbehov. F\u00f6r att tillfredsst\u00e4lla alla spelares preferenser och smaker handplockar vi och presenterar nya erbjudanden som \u00e4ndras varje dag i veckan!&nbsp;<\/p>\n\n\n\n<p>Det betyder att du nu kan v\u00e4lja ett nytt personligt erbjudande varje dag!<\/p>\n\n\n\n<p>F\u00f6r att f\u00e5 tillg\u00e5ng till dessa erbjudanden m\u00e5ste du f\u00f6rst registrera dig och skapa ett spelarkonto p\u00e5 PlayKasino. Det \u00e4r en enkel process och tar inte mer \u00e4n n\u00e5gra minuter. N\u00e4r det \u00e4r klart kan du g\u00e5 vidare till avsnittet Dagens val och direkt v\u00e4lja det du gillar.&nbsp;<\/p>\n\n\n\n<p>Obs: Dessa personliga erbjudanden \u00e4ndras varje dag. N\u00e4r dagen \u00e4r slut upph\u00f6r erbjudandet att g\u00e4lla.&nbsp;<\/p>\n\n\n\n<p>F\u00e5 ut det mesta av din casinospelupplevelse p\u00e5 PlayKasino! Kolla in v\u00e5r sektion Dagliga val f\u00f6r v\u00e5r lista \u00f6ver personliga erbjudanden, evenemang och bel\u00f6ningar f\u00f6r dagen.&nbsp;<\/p>\n\n\n\n<p>Alla bonusar \u00e4r f\u00f6rem\u00e5l f\u00f6r oms\u00e4ttningskrav och beh\u00f6righetskriterier enligt v\u00e5ra villkor.<\/p>\n","protected":false},"excerpt":{"rendered":"<p>Vem \u00e4lskar inte erbjudanden? Speciellt n\u00e4r de ger extra f\u00f6rm\u00e5ner till dina favoritcasinospel! PlayKasino erbjuder en helt ny, st\u00e4ndigt f\u00f6r\u00e4nderlig lista med dagliga val och erbjudanden varje dag, anpassade bara f\u00f6r dig! Vad \u00e4r dagliga val? Det h\u00e4r \u00e4r anpassade kampanjer, erbjudanden, bel\u00f6ningar och evenemang som erbjuds spelare att ta del av just den dagen. [&hellip;]<\/p>\n","protected":false},"author":1,"featured_media":0,"parent":0,"menu_order":0,"comment_status":"closed","ping_status":"closed","template":"content-default.php","meta":{"footnotes":""},"class_list":["post-141","page","type-page","status-publish","hentry"],"yoast_head":"<!-- This site is optimized with the Yoast SEO plugin v26.1.1 - https:\/\/yoast.com\/wordpress\/plugins\/seo\/ -->\n<title>Daily Picks - Offers for the day<\/title>\n<meta name=\"description\" content=\"A new pick every day for you - check out the daily pick offers available at PlayKasino.\" \/>\n<meta name=\"robots\" content=\"index, follow, max-snippet:-1, max-image-preview:large, max-video-preview:-1\" \/>\n<link rel=\"canonical\" href=\"https:\/\/www.playkasino.com\/sv-se\/dagliga-val\/\" \/>\n<meta property=\"og:locale\" content=\"sv_SE\" \/>\n<meta property=\"og:type\" content=\"article\" \/>\n<meta property=\"og:title\" content=\"Daily Picks - Offers for the day\" \/>\n<meta property=\"og:description\" content=\"A new pick every day for you - check out the daily pick offers available at PlayKasino.\" \/>\n<meta property=\"og:url\" content=\"https:\/\/www.playkasino.com\/sv-se\/dagliga-val\/\" \/>\n<meta property=\"og:site_name\" content=\"PlayKasino Sweden\" \/>\n<meta property=\"article:modified_time\" content=\"2025-10-30T14:22:27+00:00\" \/>\n<meta name=\"twitter:card\" content=\"summary_large_image\" \/>\n<meta name=\"twitter:label1\" content=\"Ber\u00e4knad l\u00e4stid\" \/>\n\t<meta name=\"twitter:data1\" content=\"2 minuter\" \/>\n<script type=\"application\/ld+json\" class=\"yoast-schema-graph\">{\"@context\":\"https:\/\/schema.org\",\"@graph\":[{\"@type\":\"WebPage\",\"@id\":\"https:\/\/www.playkasino.com\/sv-se\/dagliga-val\/\",\"url\":\"https:\/\/www.playkasino.com\/sv-se\/dagliga-val\/\",\"name\":\"Daily Picks - Offers for the day\",\"isPartOf\":{\"@id\":\"https:\/\/www.playkasino.com\/sv-se\/#website\"},\"datePublished\":\"2025-10-13T10:46:25+00:00\",\"dateModified\":\"2025-10-30T14:22:27+00:00\",\"description\":\"A new pick every day for you - check out the daily pick offers available at PlayKasino.\",\"breadcrumb\":{\"@id\":\"https:\/\/www.playkasino.com\/sv-se\/dagliga-val\/#breadcrumb\"},\"inLanguage\":\"sv-SE\",\"potentialAction\":[{\"@type\":\"ReadAction\",\"target\":[\"https:\/\/www.playkasino.com\/sv-se\/dagliga-val\/\"]}]},{\"@type\":\"BreadcrumbList\",\"@id\":\"https:\/\/www.playkasino.com\/sv-se\/dagliga-val\/#breadcrumb\",\"itemListElement\":[{\"@type\":\"ListItem\",\"position\":1,\"name\":\"Hem\",\"item\":\"https:\/\/www.playkasino.com\/sv-se\/\"},{\"@type\":\"ListItem\",\"position\":2,\"name\":\"Dagliga val \u2013 ett nytt erbjudande varje dag\"}]},{\"@type\":\"WebSite\",\"@id\":\"https:\/\/www.playkasino.com\/sv-se\/#website\",\"url\":\"https:\/\/www.playkasino.com\/sv-se\/\",\"name\":\"PlayKasino Sweden\",\"description\":\"\",\"potentialAction\":[{\"@type\":\"SearchAction\",\"target\":{\"@type\":\"EntryPoint\",\"urlTemplate\":\"https:\/\/www.playkasino.com\/sv-se\/?s={search_term_string}\"},\"query-input\":{\"@type\":\"PropertyValueSpecification\",\"valueRequired\":true,\"valueName\":\"search_term_string\"}}],\"inLanguage\":\"sv-SE\"}]}<\/script>\n<!-- \/ Yoast SEO plugin. -->","yoast_head_json":{"title":"Daily Picks - Offers for the day","description":"A new pick every day for you - check out the daily pick offers available at PlayKasino.","robots":{"index":"index","follow":"follow","max-snippet":"max-snippet:-1","max-image-preview":"max-image-preview:large","max-video-preview":"max-video-preview:-1"},"canonical":"https:\/\/www.playkasino.com\/sv-se\/dagliga-val\/","og_locale":"sv_SE","og_type":"article","og_title":"Daily Picks - Offers for the day","og_description":"A new pick every day for you - check out the daily pick offers available at PlayKasino.","og_url":"https:\/\/www.playkasino.com\/sv-se\/dagliga-val\/","og_site_name":"PlayKasino Sweden","article_modified_time":"2025-10-30T14:22:27+00:00","twitter_card":"summary_large_image","twitter_misc":{"Ber\u00e4knad l\u00e4stid":"2 minuter"},"schema":{"@context":"https:\/\/schema.org","@graph":[{"@type":"WebPage","@id":"https:\/\/www.playkasino.com\/sv-se\/dagliga-val\/","url":"https:\/\/www.playkasino.com\/sv-se\/dagliga-val\/","name":"Daily Picks - Offers for the day","isPartOf":{"@id":"https:\/\/www.playkasino.com\/sv-se\/#website"},"datePublished":"2025-10-13T10:46:25+00:00","dateModified":"2025-10-30T14:22:27+00:00","description":"A new pick every day for you - check out the daily pick offers available at PlayKasino.","breadcrumb":{"@id":"https:\/\/www.playkasino.com\/sv-se\/dagliga-val\/#breadcrumb"},"inLanguage":"sv-SE","potentialAction":[{"@type":"ReadAction","target":["https:\/\/www.playkasino.com\/sv-se\/dagliga-val\/"]}]},{"@type":"BreadcrumbList","@id":"https:\/\/www.playkasino.com\/sv-se\/dagliga-val\/#breadcrumb","itemListElement":[{"@type":"ListItem","position":1,"name":"Hem","item":"https:\/\/www.playkasino.com\/sv-se\/"},{"@type":"ListItem","position":2,"name":"Dagliga val \u2013 ett nytt erbjudande varje dag"}]},{"@type":"WebSite","@id":"https:\/\/www.playkasino.com\/sv-se\/#website","url":"https:\/\/www.playkasino.com\/sv-se\/","name":"PlayKasino Sweden","description":"","potentialAction":[{"@type":"SearchAction","target":{"@type":"EntryPoint","urlTemplate":"https:\/\/www.playkasino.com\/sv-se\/?s={search_term_string}"},"query-input":{"@type":"PropertyValueSpecification","valueRequired":true,"valueName":"search_term_string"}}],"inLanguage":"sv-SE"}]}},"_links":{"self":[{"href":"https:\/\/www.playkasino.com\/sv-se\/wp-json\/wp\/v2\/pages\/141","targetHints":{"allow":["GET"]}}],"collection":[{"href":"https:\/\/www.playkasino.com\/sv-se\/wp-json\/wp\/v2\/pages"}],"about":[{"href":"https:\/\/www.playkasino.com\/sv-se\/wp-json\/wp\/v2\/types\/page"}],"author":[{"embeddable":true,"href":"https:\/\/www.playkasino.com\/sv-se\/wp-json\/wp\/v2\/users\/1"}],"replies":[{"embeddable":true,"href":"https:\/\/www.playkasino.com\/sv-se\/wp-json\/wp\/v2\/comments?post=141"}],"version-history":[{"count":2,"href":"https:\/\/www.playkasino.com\/sv-se\/wp-json\/wp\/v2\/pages\/141\/revisions"}],"predecessor-version":[{"id":274,"href":"https:\/\/www.playkasino.com\/sv-se\/wp-json\/wp\/v2\/pages\/141\/revisions\/274"}],"wp:attachment":[{"href":"https:\/\/www.playkasino.com\/sv-se\/wp-json\/wp\/v2\/media?parent=141"}],"curies":[{"name":"wp","href":"https:\/\/api.w.org\/{rel}","templated":true}]}}