{"id":142,"date":"2025-10-13T10:46:34","date_gmt":"2025-10-13T10:46:34","guid":{"rendered":"https:\/\/www.playkasino.com\/?page_id=142"},"modified":"2025-10-30T14:41:15","modified_gmt":"2025-10-30T14:41:15","slug":"valkomsterbjudande","status":"publish","type":"page","link":"https:\/\/www.playkasino.com\/sv-se\/valkomsterbjudande\/","title":{"rendered":"PlayKasinos v\u00e4lkomstbonus"},"content":{"rendered":"\n<p>I det \u00f6gonblick du g\u00e5r med oss \u200b\u200bp\u00e5 PlayKasino f\u00e5r du en presentkorg med v\u00e4lkomstbonusar och kampanjerbjudanden som ett tecken p\u00e5 tacksamhet f\u00f6r att du valt oss.&nbsp;<\/p>\n\n\n\n<p>Dessa erbjudanden och kampanjer kan ge dig en kickstart p\u00e5 din spelresa, s\u00e5 att du kan komma ig\u00e5ng med casinospelen vi erbjuder p\u00e5 PlayKasino.&nbsp;<\/p>\n\n\n\n<p>F\u00f6r att f\u00e5 tillg\u00e5ng till dessa v\u00e4lkomstbonusar och kampanjerbjudanden m\u00e5ste du f\u00f6rst registrera dig och skapa ett spelarkonto hos oss. Det tar bara n\u00e5gra minuter.&nbsp;<\/p>\n\n\n\n<p>\u00c4r du redo att aktivera v\u00e4lkomstbonusen? Registrera dig och skapa ett konto p\u00e5 PlayKasino f\u00f6r att ta del av v\u00e5ra sp\u00e4nnande v\u00e4lkomstbonusar och kampanjerbjudanden!<\/p>\n\n\n\n<p>Alla bonusar \u00e4r f\u00f6rem\u00e5l f\u00f6r oms\u00e4ttningskrav och beh\u00f6righetskriterier enligt v\u00e5ra villkor.<\/p>\n\n\n\n<a href=\"openAuth();void(0);\"> \t<p style=\"color:#000\" class=\"play-now\">\n\t\t\tSpela nu\n\t\t<\/p><\/a>\n","protected":false},"excerpt":{"rendered":"<p>I det \u00f6gonblick du g\u00e5r med oss \u200b\u200bp\u00e5 PlayKasino f\u00e5r du en presentkorg med v\u00e4lkomstbonusar och kampanjerbjudanden som ett tecken p\u00e5 tacksamhet f\u00f6r att du valt oss.&nbsp; Dessa erbjudanden och kampanjer kan ge dig en kickstart p\u00e5 din spelresa, s\u00e5 att du kan komma ig\u00e5ng med casinospelen vi erbjuder p\u00e5 PlayKasino.&nbsp; F\u00f6r att f\u00e5 tillg\u00e5ng [&hellip;]<\/p>\n","protected":false},"author":1,"featured_media":0,"parent":0,"menu_order":0,"comment_status":"closed","ping_status":"closed","template":"content-default.php","meta":{"footnotes":""},"class_list":["post-142","page","type-page","status-publish","hentry"],"yoast_head":"<!-- This site is optimized with the Yoast SEO plugin v26.1.1 - https:\/\/yoast.com\/wordpress\/plugins\/seo\/ -->\n<title>Welcome Bonus at PlayKasino<\/title>\n<meta name=\"description\" content=\"Check out what is the welcome bonus offered at PlayKasino and claim it here in this page.\" \/>\n<meta name=\"robots\" content=\"index, follow, max-snippet:-1, max-image-preview:large, max-video-preview:-1\" \/>\n<link rel=\"canonical\" href=\"https:\/\/www.playkasino.com\/sv-se\/valkomsterbjudande\/\" \/>\n<meta property=\"og:locale\" content=\"sv_SE\" \/>\n<meta property=\"og:type\" content=\"article\" \/>\n<meta property=\"og:title\" content=\"Welcome Bonus at PlayKasino\" \/>\n<meta property=\"og:description\" content=\"Check out what is the welcome bonus offered at PlayKasino and claim it here in this page.\" \/>\n<meta property=\"og:url\" content=\"https:\/\/www.playkasino.com\/sv-se\/valkomsterbjudande\/\" \/>\n<meta property=\"og:site_name\" content=\"PlayKasino Sweden\" \/>\n<meta property=\"article:modified_time\" content=\"2025-10-30T14:41:15+00:00\" \/>\n<meta name=\"twitter:card\" content=\"summary_large_image\" \/>\n<meta name=\"twitter:label1\" content=\"Ber\u00e4knad l\u00e4stid\" \/>\n\t<meta name=\"twitter:data1\" content=\"1 minut\" \/>\n<script type=\"application\/ld+json\" class=\"yoast-schema-graph\">{\"@context\":\"https:\/\/schema.org\",\"@graph\":[{\"@type\":\"WebPage\",\"@id\":\"https:\/\/www.playkasino.com\/sv-se\/valkomsterbjudande\/\",\"url\":\"https:\/\/www.playkasino.com\/sv-se\/valkomsterbjudande\/\",\"name\":\"Welcome Bonus at PlayKasino\",\"isPartOf\":{\"@id\":\"https:\/\/www.playkasino.com\/sv-se\/#website\"},\"datePublished\":\"2025-10-13T10:46:34+00:00\",\"dateModified\":\"2025-10-30T14:41:15+00:00\",\"description\":\"Check out what is the welcome bonus offered at PlayKasino and claim it here in this page.\",\"breadcrumb\":{\"@id\":\"https:\/\/www.playkasino.com\/sv-se\/valkomsterbjudande\/#breadcrumb\"},\"inLanguage\":\"sv-SE\",\"potentialAction\":[{\"@type\":\"ReadAction\",\"target\":[\"https:\/\/www.playkasino.com\/sv-se\/valkomsterbjudande\/\"]}]},{\"@type\":\"BreadcrumbList\",\"@id\":\"https:\/\/www.playkasino.com\/sv-se\/valkomsterbjudande\/#breadcrumb\",\"itemListElement\":[{\"@type\":\"ListItem\",\"position\":1,\"name\":\"Hem\",\"item\":\"https:\/\/www.playkasino.com\/sv-se\/\"},{\"@type\":\"ListItem\",\"position\":2,\"name\":\"PlayKasinos v\u00e4lkomstbonus\"}]},{\"@type\":\"WebSite\",\"@id\":\"https:\/\/www.playkasino.com\/sv-se\/#website\",\"url\":\"https:\/\/www.playkasino.com\/sv-se\/\",\"name\":\"PlayKasino Sweden\",\"description\":\"\",\"potentialAction\":[{\"@type\":\"SearchAction\",\"target\":{\"@type\":\"EntryPoint\",\"urlTemplate\":\"https:\/\/www.playkasino.com\/sv-se\/?s={search_term_string}\"},\"query-input\":{\"@type\":\"PropertyValueSpecification\",\"valueRequired\":true,\"valueName\":\"search_term_string\"}}],\"inLanguage\":\"sv-SE\"}]}<\/script>\n<!-- \/ Yoast SEO plugin. -->","yoast_head_json":{"title":"Welcome Bonus at PlayKasino","description":"Check out what is the welcome bonus offered at PlayKasino and claim it here in this page.","robots":{"index":"index","follow":"follow","max-snippet":"max-snippet:-1","max-image-preview":"max-image-preview:large","max-video-preview":"max-video-preview:-1"},"canonical":"https:\/\/www.playkasino.com\/sv-se\/valkomsterbjudande\/","og_locale":"sv_SE","og_type":"article","og_title":"Welcome Bonus at PlayKasino","og_description":"Check out what is the welcome bonus offered at PlayKasino and claim it here in this page.","og_url":"https:\/\/www.playkasino.com\/sv-se\/valkomsterbjudande\/","og_site_name":"PlayKasino Sweden","article_modified_time":"2025-10-30T14:41:15+00:00","twitter_card":"summary_large_image","twitter_misc":{"Ber\u00e4knad l\u00e4stid":"1 minut"},"schema":{"@context":"https:\/\/schema.org","@graph":[{"@type":"WebPage","@id":"https:\/\/www.playkasino.com\/sv-se\/valkomsterbjudande\/","url":"https:\/\/www.playkasino.com\/sv-se\/valkomsterbjudande\/","name":"Welcome Bonus at PlayKasino","isPartOf":{"@id":"https:\/\/www.playkasino.com\/sv-se\/#website"},"datePublished":"2025-10-13T10:46:34+00:00","dateModified":"2025-10-30T14:41:15+00:00","description":"Check out what is the welcome bonus offered at PlayKasino and claim it here in this page.","breadcrumb":{"@id":"https:\/\/www.playkasino.com\/sv-se\/valkomsterbjudande\/#breadcrumb"},"inLanguage":"sv-SE","potentialAction":[{"@type":"ReadAction","target":["https:\/\/www.playkasino.com\/sv-se\/valkomsterbjudande\/"]}]},{"@type":"BreadcrumbList","@id":"https:\/\/www.playkasino.com\/sv-se\/valkomsterbjudande\/#breadcrumb","itemListElement":[{"@type":"ListItem","position":1,"name":"Hem","item":"https:\/\/www.playkasino.com\/sv-se\/"},{"@type":"ListItem","position":2,"name":"PlayKasinos v\u00e4lkomstbonus"}]},{"@type":"WebSite","@id":"https:\/\/www.playkasino.com\/sv-se\/#website","url":"https:\/\/www.playkasino.com\/sv-se\/","name":"PlayKasino Sweden","description":"","potentialAction":[{"@type":"SearchAction","target":{"@type":"EntryPoint","urlTemplate":"https:\/\/www.playkasino.com\/sv-se\/?s={search_term_string}"},"query-input":{"@type":"PropertyValueSpecification","valueRequired":true,"valueName":"search_term_string"}}],"inLanguage":"sv-SE"}]}},"_links":{"self":[{"href":"https:\/\/www.playkasino.com\/sv-se\/wp-json\/wp\/v2\/pages\/142","targetHints":{"allow":["GET"]}}],"collection":[{"href":"https:\/\/www.playkasino.com\/sv-se\/wp-json\/wp\/v2\/pages"}],"about":[{"href":"https:\/\/www.playkasino.com\/sv-se\/wp-json\/wp\/v2\/types\/page"}],"author":[{"embeddable":true,"href":"https:\/\/www.playkasino.com\/sv-se\/wp-json\/wp\/v2\/users\/1"}],"replies":[{"embeddable":true,"href":"https:\/\/www.playkasino.com\/sv-se\/wp-json\/wp\/v2\/comments?post=142"}],"version-history":[{"count":2,"href":"https:\/\/www.playkasino.com\/sv-se\/wp-json\/wp\/v2\/pages\/142\/revisions"}],"predecessor-version":[{"id":276,"href":"https:\/\/www.playkasino.com\/sv-se\/wp-json\/wp\/v2\/pages\/142\/revisions\/276"}],"wp:attachment":[{"href":"https:\/\/www.playkasino.com\/sv-se\/wp-json\/wp\/v2\/media?parent=142"}],"curies":[{"name":"wp","href":"https:\/\/api.w.org\/{rel}","templated":true}]}}