{"id":159,"date":"2025-10-13T10:48:33","date_gmt":"2025-10-13T10:48:33","guid":{"rendered":"https:\/\/www.playkasino.com\/?page_id=159"},"modified":"2026-02-09T07:52:11","modified_gmt":"2026-02-09T07:52:11","slug":"kontakta-oss","status":"publish","type":"page","link":"https:\/\/www.playkasino.com\/sv-se\/kontakta-oss\/","title":{"rendered":"Kontakta oss"},"content":{"rendered":"\n\n\n<p>Du kan skicka e-post om du har n\u00e5gra fr\u00e5gor eller problem:&nbsp;<a href=\"mailto:support@playkasino.com\">support@playkasino.com<\/a><\/p>\n\n\n\n<p>V\u00e5rt supportteam v\u00e4ntar p\u00e5 att hj\u00e4lpa dig s\u00e5 att din upplevelse hos Swift blir s\u00e5 trevlig och problemfri som m\u00f6jligt.<\/p>\n\n\n\n<p>Observera att support f\u00f6r olika spr\u00e5k inte alltid \u00e4r tillg\u00e4nglig dygnet runt.<\/p>\n\n\n\n<p>Vi rekommenderar att du, om du har m\u00f6jlighet, skriver din fr\u00e5ga p\u00e5 engelska f\u00f6r att f\u00e5 ett omedelbart svar.<\/p>\n\n","protected":false},"excerpt":{"rendered":"<p>Du kan skicka e-post om du har n\u00e5gra fr\u00e5gor eller problem:&nbsp;support@playkasino.com V\u00e5rt supportteam v\u00e4ntar p\u00e5 att hj\u00e4lpa dig s\u00e5 att din upplevelse hos Swift blir s\u00e5 trevlig och problemfri som m\u00f6jligt. Observera att support f\u00f6r olika spr\u00e5k inte alltid \u00e4r tillg\u00e4nglig dygnet runt. Vi rekommenderar att du, om du har m\u00f6jlighet, skriver din fr\u00e5ga p\u00e5 [&hellip;]<\/p>\n","protected":false},"author":1,"featured_media":0,"parent":0,"menu_order":0,"comment_status":"closed","ping_status":"closed","template":"content-default.php","meta":{"footnotes":""},"class_list":["post-159","page","type-page","status-publish","hentry"],"yoast_head":"<!-- This site is optimized with the Yoast SEO plugin v26.1.1 - https:\/\/yoast.com\/wordpress\/plugins\/seo\/ -->\n<title>Kontakta oss | Spela Popul\u00e4raka Sinospel<\/title>\n<meta name=\"robots\" content=\"index, follow, max-snippet:-1, max-image-preview:large, max-video-preview:-1\" \/>\n<link rel=\"canonical\" href=\"https:\/\/www.playkasino.com\/sv-se\/kontakta-oss\/\" \/>\n<meta property=\"og:locale\" content=\"sv_SE\" \/>\n<meta property=\"og:type\" content=\"article\" \/>\n<meta property=\"og:title\" content=\"Kontakta oss | Spela Popul\u00e4raka Sinospel\" \/>\n<meta property=\"og:description\" content=\"Du kan skicka e-post om du har n\u00e5gra fr\u00e5gor eller problem:&nbsp;support@playkasino.com V\u00e5rt supportteam v\u00e4ntar p\u00e5 att hj\u00e4lpa dig s\u00e5 att din upplevelse hos Swift blir s\u00e5 trevlig och problemfri som m\u00f6jligt. Observera att support f\u00f6r olika spr\u00e5k inte alltid \u00e4r tillg\u00e4nglig dygnet runt. Vi rekommenderar att du, om du har m\u00f6jlighet, skriver din fr\u00e5ga p\u00e5 [&hellip;]\" \/>\n<meta property=\"og:url\" content=\"https:\/\/www.playkasino.com\/sv-se\/kontakta-oss\/\" \/>\n<meta property=\"og:site_name\" content=\"PlayKasino Sweden\" \/>\n<meta property=\"article:modified_time\" content=\"2026-02-09T07:52:11+00:00\" \/>\n<meta name=\"twitter:card\" content=\"summary_large_image\" \/>\n<meta name=\"twitter:label1\" content=\"Ber\u00e4knad l\u00e4stid\" \/>\n\t<meta name=\"twitter:data1\" content=\"1 minut\" \/>\n<script type=\"application\/ld+json\" class=\"yoast-schema-graph\">{\"@context\":\"https:\/\/schema.org\",\"@graph\":[{\"@type\":\"WebPage\",\"@id\":\"https:\/\/www.playkasino.com\/sv-se\/kontakta-oss\/\",\"url\":\"https:\/\/www.playkasino.com\/sv-se\/kontakta-oss\/\",\"name\":\"Kontakta oss | Spela Popul\u00e4raka Sinospel\",\"isPartOf\":{\"@id\":\"https:\/\/www.playkasino.com\/sv-se\/#website\"},\"datePublished\":\"2025-10-13T10:48:33+00:00\",\"dateModified\":\"2026-02-09T07:52:11+00:00\",\"breadcrumb\":{\"@id\":\"https:\/\/www.playkasino.com\/sv-se\/kontakta-oss\/#breadcrumb\"},\"inLanguage\":\"sv-SE\",\"potentialAction\":[{\"@type\":\"ReadAction\",\"target\":[\"https:\/\/www.playkasino.com\/sv-se\/kontakta-oss\/\"]}]},{\"@type\":\"BreadcrumbList\",\"@id\":\"https:\/\/www.playkasino.com\/sv-se\/kontakta-oss\/#breadcrumb\",\"itemListElement\":[{\"@type\":\"ListItem\",\"position\":1,\"name\":\"Hem\",\"item\":\"https:\/\/www.playkasino.com\/sv-se\/\"},{\"@type\":\"ListItem\",\"position\":2,\"name\":\"Kontakta oss\"}]},{\"@type\":\"WebSite\",\"@id\":\"https:\/\/www.playkasino.com\/sv-se\/#website\",\"url\":\"https:\/\/www.playkasino.com\/sv-se\/\",\"name\":\"PlayKasino Sweden\",\"description\":\"\",\"potentialAction\":[{\"@type\":\"SearchAction\",\"target\":{\"@type\":\"EntryPoint\",\"urlTemplate\":\"https:\/\/www.playkasino.com\/sv-se\/?s={search_term_string}\"},\"query-input\":{\"@type\":\"PropertyValueSpecification\",\"valueRequired\":true,\"valueName\":\"search_term_string\"}}],\"inLanguage\":\"sv-SE\"}]}<\/script>\n<!-- \/ Yoast SEO plugin. -->","yoast_head_json":{"title":"Kontakta oss | Spela Popul\u00e4raka Sinospel","robots":{"index":"index","follow":"follow","max-snippet":"max-snippet:-1","max-image-preview":"max-image-preview:large","max-video-preview":"max-video-preview:-1"},"canonical":"https:\/\/www.playkasino.com\/sv-se\/kontakta-oss\/","og_locale":"sv_SE","og_type":"article","og_title":"Kontakta oss | Spela Popul\u00e4raka Sinospel","og_description":"Du kan skicka e-post om du har n\u00e5gra fr\u00e5gor eller problem:&nbsp;support@playkasino.com V\u00e5rt supportteam v\u00e4ntar p\u00e5 att hj\u00e4lpa dig s\u00e5 att din upplevelse hos Swift blir s\u00e5 trevlig och problemfri som m\u00f6jligt. Observera att support f\u00f6r olika spr\u00e5k inte alltid \u00e4r tillg\u00e4nglig dygnet runt. Vi rekommenderar att du, om du har m\u00f6jlighet, skriver din fr\u00e5ga p\u00e5 [&hellip;]","og_url":"https:\/\/www.playkasino.com\/sv-se\/kontakta-oss\/","og_site_name":"PlayKasino Sweden","article_modified_time":"2026-02-09T07:52:11+00:00","twitter_card":"summary_large_image","twitter_misc":{"Ber\u00e4knad l\u00e4stid":"1 minut"},"schema":{"@context":"https:\/\/schema.org","@graph":[{"@type":"WebPage","@id":"https:\/\/www.playkasino.com\/sv-se\/kontakta-oss\/","url":"https:\/\/www.playkasino.com\/sv-se\/kontakta-oss\/","name":"Kontakta oss | Spela Popul\u00e4raka Sinospel","isPartOf":{"@id":"https:\/\/www.playkasino.com\/sv-se\/#website"},"datePublished":"2025-10-13T10:48:33+00:00","dateModified":"2026-02-09T07:52:11+00:00","breadcrumb":{"@id":"https:\/\/www.playkasino.com\/sv-se\/kontakta-oss\/#breadcrumb"},"inLanguage":"sv-SE","potentialAction":[{"@type":"ReadAction","target":["https:\/\/www.playkasino.com\/sv-se\/kontakta-oss\/"]}]},{"@type":"BreadcrumbList","@id":"https:\/\/www.playkasino.com\/sv-se\/kontakta-oss\/#breadcrumb","itemListElement":[{"@type":"ListItem","position":1,"name":"Hem","item":"https:\/\/www.playkasino.com\/sv-se\/"},{"@type":"ListItem","position":2,"name":"Kontakta oss"}]},{"@type":"WebSite","@id":"https:\/\/www.playkasino.com\/sv-se\/#website","url":"https:\/\/www.playkasino.com\/sv-se\/","name":"PlayKasino Sweden","description":"","potentialAction":[{"@type":"SearchAction","target":{"@type":"EntryPoint","urlTemplate":"https:\/\/www.playkasino.com\/sv-se\/?s={search_term_string}"},"query-input":{"@type":"PropertyValueSpecification","valueRequired":true,"valueName":"search_term_string"}}],"inLanguage":"sv-SE"}]}},"_links":{"self":[{"href":"https:\/\/www.playkasino.com\/sv-se\/wp-json\/wp\/v2\/pages\/159","targetHints":{"allow":["GET"]}}],"collection":[{"href":"https:\/\/www.playkasino.com\/sv-se\/wp-json\/wp\/v2\/pages"}],"about":[{"href":"https:\/\/www.playkasino.com\/sv-se\/wp-json\/wp\/v2\/types\/page"}],"author":[{"embeddable":true,"href":"https:\/\/www.playkasino.com\/sv-se\/wp-json\/wp\/v2\/users\/1"}],"replies":[{"embeddable":true,"href":"https:\/\/www.playkasino.com\/sv-se\/wp-json\/wp\/v2\/comments?post=159"}],"version-history":[{"count":2,"href":"https:\/\/www.playkasino.com\/sv-se\/wp-json\/wp\/v2\/pages\/159\/revisions"}],"predecessor-version":[{"id":284,"href":"https:\/\/www.playkasino.com\/sv-se\/wp-json\/wp\/v2\/pages\/159\/revisions\/284"}],"wp:attachment":[{"href":"https:\/\/www.playkasino.com\/sv-se\/wp-json\/wp\/v2\/media?parent=159"}],"curies":[{"name":"wp","href":"https:\/\/api.w.org\/{rel}","templated":true}]}}